{"id":5842,"date":"2025-04-14T17:55:00","date_gmt":"2025-04-14T15:55:00","guid":{"rendered":"https:\/\/www.armor-pharma.com\/termes-et-conditions\/"},"modified":"2025-08-20T09:32:18","modified_gmt":"2025-08-20T07:32:18","slug":"termes-et-conditions","status":"publish","type":"page","link":"https:\/\/www.armor-pharma.com\/fr\/termes-et-conditions\/","title":{"rendered":"Termes et conditions"},"content":{"rendered":"<p>ARMOR PHARMA\u2122 est une marque d&rsquo;ARMOR PROTEINES S.A.S.<\/p>\n<p>L&rsquo;\u00e9diteur du Site est ARMOR PROTEINES SAS, soci\u00e9t\u00e9 par actions simplifi\u00e9e, ci-apr\u00e8s d\u00e9nomm\u00e9e \u00ab\u00a0l&rsquo;\u00c9diteur\u00a0\u00bb, au capital social de 8\u00a0477\u00a0401,35\u00a0\u20ac, immatricul\u00e9e au Registre du Commerce et des Soci\u00e9t\u00e9s de Coutance sous les num\u00e9ros\u00a0:<br \/>\nNum\u00e9ro SIREN\u00a0: 679\u00a0200\u00a0287<br \/>\nNum\u00e9ro SIRET\u00a0: 679\u00a0200\u00a0287\u00a000028<br \/>\nAPE\u00a0: 1051D<br \/>\net dont le num\u00e9ro de TVA est FR\u00a055\u00a0679\u00a0200\u00a0287.<br \/>\nLe si\u00e8ge social est situ\u00e9 \u00e0 50890 Cond\u00e9-sur-Vire &#8211; France<\/p>\n<p>T\u00e9l.\u00a0: +33 (0)2\u00a099\u00a018\u00a052\u00a052<br \/>\nDirecteur de la publication\u00a0: David Soria<\/p>\n<p>En naviguant sur le site www.armor-pharma.com (le Site), vous reconnaissez, en tant qu&rsquo;utilisateur, avoir pris connaissance des conditions d&rsquo;utilisation ci-dessous ainsi que des conditions sp\u00e9cifiques \u00e0 certains services. sur le Site et que vous en acceptez les conditions.<\/p>\n<h2>H\u00e9bergement du Site<\/h2>\n<p>Le site www.armor-pharma.com est h\u00e9berg\u00e9 par la soci\u00e9t\u00e9 :<\/p>\n<p><strong>Kernix &#8211; H\u00e9berg\u00e9 sur OVH SAS<\/strong><\/p>\n<p>Adresse : 6 rue Lalande, 75014 Paris, France<\/p>\n<p>T\u00e9l\u00e9phone : +33 1 53 98 73 40<\/p>\n<p>Site web : <a class=\"ac-anchor\" title=\"https:\/\/www.kernix.com\/\" href=\"https:\/\/www.kernix.com\/\" target=\"_blank\" rel=\"noopener\">www.kernix.com<\/a><\/p>\n<h2>Droits de propri\u00e9t\u00e9 sur le Site et son contenu<\/h2>\n<p>Le Site et l\u2019ensemble de son contenu sont prot\u00e9g\u00e9s par les lois fran\u00e7aises et internationales sur le droit d\u2019auteur et la propri\u00e9t\u00e9 intellectuelle.<\/p>\n<p>Tous les \u00e9l\u00e9ments graphiques, textuels et num\u00e9riques du Site (y compris la structure des r\u00e9pertoires, la mise en page, les articles, les pr\u00e9sentations, les illustrations, les photographies et\/ou tout autre document) ainsi que les marques et logos reproduits sont la propri\u00e9t\u00e9 d&rsquo;ARMOR PROTEINES S.A.S., de ses holdings et soci\u00e9t\u00e9s affili\u00e9es.<\/p>\n<p>Aucune licence ni aucun droit d&rsquo;utilisation de ces \u00e9l\u00e9ments ne peut \u00eatre interpr\u00e9t\u00e9 ou implicite aux termes des pr\u00e9sentes.<\/p>\n<p>\u00c0 cet \u00e9gard, toute repr\u00e9sentation, reproduction, incorporation, diffusion, rediffusion et redistribution, en tout ou partie, est interdite (article L. 122-4 du Code de la propri\u00e9t\u00e9 intellectuelle). Toute personne proc\u00e9dant \u00e0 de telles repr\u00e9sentations sans justifier d&rsquo;une autorisation pr\u00e9alable du titulaire de ces droits s&rsquo;expose aux sanctions pr\u00e9vues en mati\u00e8re de contrefa\u00e7on (articles L. 335-2 et suivants du Code de la propri\u00e9t\u00e9 intellectuelle). ARMOR PROTEINES S.A.S., de ses holdings et soci\u00e9t\u00e9s affili\u00e9es peut se pr\u00e9valoir de ses droits, notamment de propri\u00e9t\u00e9 intellectuelle, pour intenter toute action, y compris p\u00e9nale.<\/p>\n<p>ARMOR PROTEINES S.A.S., ses holdings et soci\u00e9t\u00e9s affili\u00e9es se r\u00e9servent le droit d&rsquo;am\u00e9liorer ou de modifier, \u00e0 tout moment, les informations, produits, programmes ou conditions d&rsquo;utilisation d\u00e9crits sur le Site, et n&rsquo;encourent aucune responsabilit\u00e9 de ce fait. Les conditions g\u00e9n\u00e9rales et mentions applicables sont celles en vigueur \u00e0 la date de votre connexion au Site.<\/p>\n<h2>Liens hypertextes<\/h2>\n<p>L&rsquo;utilisateur reconna\u00eet et accepte qu&rsquo;en cas de redirection vers un site tiers via un lien hypertexte, ARMOR PROTEINES S.A.S., ses holdings et soci\u00e9t\u00e9s affili\u00e9es n&rsquo;exercent aucun contr\u00f4le sur le contenu, les informations, les biens et les services propos\u00e9s sur ces sites. Par cons\u00e9quent, ARMOR PROTEINES S.A.S., ses holdings et soci\u00e9t\u00e9s affili\u00e9es ne peuvent en aucun cas \u00eatre tenues responsables de tout dommage direct ou indirect r\u00e9sultant de l&rsquo;utilisation des sites accessibles via des liens hypertextes.<\/p>\n<p>De m\u00eame, ARMOR PROTEINES S.A.S., ses holdings et soci\u00e9t\u00e9s affili\u00e9es ne sont pas responsables des liens hypertextes pointant vers le Site.<\/p>\n<p>Toute personne souhaitant mettre en place des liens hypertextes pointant vers le Site doit obtenir l&rsquo;autorisation \u00e9crite pr\u00e9alable d&rsquo;ARMOR PROTEINES S.A.S., ses holdings et soci\u00e9t\u00e9s affili\u00e9es.<\/p>\n<h2>Limitation de garantie<\/h2>\n<p>ARMOR PROTEINES S.A.S., ses holdings et soci\u00e9t\u00e9s affili\u00e9es rappellent aux internautes les caract\u00e9ristiques et les limites d&rsquo;Internet. ARMOR PROTEINES S.A.S., ses holdings et soci\u00e9t\u00e9s affili\u00e9es ne sauraient \u00eatre tenues responsables de toute perte ou dommage r\u00e9sultant de l&rsquo;acc\u00e8s au Site ou, au contraire, de l&rsquo;impossibilit\u00e9 d&rsquo;y acc\u00e9der. ARMOR PROTEINES S.A.S., ses holdings et soci\u00e9t\u00e9s affili\u00e9es ne sauraient en aucun cas \u00eatre tenues responsables en cas d&rsquo;indisponibilit\u00e9 du Site pour quelque raison que ce soit (panne technique, surcharge du r\u00e9seau, etc.).<\/p>\n<p>L&rsquo;utilisateur reconna\u00eet express\u00e9ment utiliser le Site \u00e0 ses propres risques et sous sa seule responsabilit\u00e9. ARMOR PROTEINES S.A.S., ses holdings et soci\u00e9t\u00e9s affili\u00e9es ne sauraient \u00eatre tenues responsables de toute perte ou dommage, direct ou indirect, immat\u00e9riel ou corporel, caus\u00e9 aux utilisateurs, \u00e0 leur mat\u00e9riel informatique ou de t\u00e9l\u00e9communication, aux donn\u00e9es qui y sont stock\u00e9es, ni des cons\u00e9quences pouvant en d\u00e9couler sur leurs activit\u00e9s personnelles, professionnelles ou commerciales.<\/p>\n<p>Les informations figurant sur le Site sont fournies \u00e0 titre indicatif uniquement. Les informations publi\u00e9es sur ce Site sont mises \u00e0 jour et v\u00e9rifi\u00e9es p\u00e9riodiquement, mais peuvent contenir des erreurs. Ces informations doivent \u00eatre prises en compte au moment de leur mise en ligne et non au moment de la consultation du Site (ces donn\u00e9es peuvent avoir \u00e9t\u00e9 mises \u00e0 jour entre le moment o\u00f9 vous les avez t\u00e9l\u00e9charg\u00e9es et celui o\u00f9 vous les consultez). En tout \u00e9tat de cause, ARMOR PROTEINES S.A.S., ses holdings et soci\u00e9t\u00e9s affili\u00e9es ne sauraient \u00eatre tenues responsables de ces informations.<\/p>\n<h2>Acc\u00e8s aux zones prot\u00e9g\u00e9es par mot de passe<\/h2>\n<p>L&rsquo;acc\u00e8s aux zones prot\u00e9g\u00e9es par mot de passe est r\u00e9serv\u00e9 aux personnes autoris\u00e9es. L&rsquo;utilisateur s&rsquo;engage \u00e0 ne pas tenter de forcer l&rsquo;acc\u00e8s \u00e0 ces zones, notamment en usurpant l&rsquo;identit\u00e9, le code d&rsquo;acc\u00e8s ou l&rsquo;adresse d&rsquo;un autre utilisateur. Toute personne autoris\u00e9e tentant d&rsquo;acc\u00e9der \u00e0 ces zones s&rsquo;expose \u00e0 des poursuites judiciaires.<\/p>\n<h2>Marques<\/h2>\n<p>ARMOR PHARMA\u2122, EXCIPRESS\u2122 et EXCIPURE\u2122 sont des marques d\u00e9pos\u00e9es d&rsquo;ARMOR PROTEINES S.A.S., de ses holdings et soci\u00e9t\u00e9s affili\u00e9es.<\/p>\n<p>Tous droits r\u00e9serv\u00e9s \u00a9 \u2013 (2014\/ ARMOR PROTEINES S.A.S., de ses holdings et soci\u00e9t\u00e9s affili\u00e9es)<\/p>\n<h2>Utilisation du site<\/h2>\n<p>ARMOR PROTEINES S.A.S., ses holdings et soci\u00e9t\u00e9s affili\u00e9es mettent le Site \u00e0 disposition principalement de ses clients et de toute personne souhaitant en savoir plus sur ses produits et services.<\/p>\n<p>En vous connectant au Site\u00a0:<\/p>\n<p>Vous vous engagez \u00e0 respecter les pr\u00e9sentes mentions l\u00e9gales et, plus g\u00e9n\u00e9ralement, les lois applicables.<\/p>\n<p>Vous vous abstenez de toute collecte ou utilisation d\u00e9tourn\u00e9e d\u2019informations, y compris les informations personnelles auxquelles vous pourriez avoir acc\u00e8s, et, plus g\u00e9n\u00e9ralement, de tout acte susceptible de porter pr\u00e9judice \u00e0 des tiers.<\/p>\n<p>Lorsque vous remplissez un formulaire et fournissez des informations, vous vous engagez\u00a0:<\/p>\n<p>\u00e0 fournir des informations sinc\u00e8res, exactes et \u00e0 jour au moment de leur saisie, et notamment \u00e0 ne pas utiliser de faux noms, titres et adresses, ni \u00e0 utiliser des noms, titres et adresses sans autorisation\u00a0;<\/p>\n<p>\u00e0 maintenir \u00e0 jour vos informations d\u2019inscription afin de garantir leur authenticit\u00e9 et leur exactitude \u00e0 tout moment\u00a0;<\/p>\n<p>\u00e0 ne pas diffuser ni mettre \u00e0 disposition d\u2019informations, de programmes ou d\u2019\u00e9l\u00e9ments ill\u00e9gaux, r\u00e9pr\u00e9hensibles ou nuisibles (tels que des virus, des logiciels de piratage ou de copie).<\/p>\n<p>\u00e0 ne pas publier de propos, d\u2019opinions ou d\u2019informations diffamatoires, obsc\u00e8nes, violents, racistes ou, de mani\u00e8re g\u00e9n\u00e9rale, contraires aux lois et r\u00e8glements en vigueur, aux droits des tiers et aux bonnes m\u0153urs.<\/p>\n<p>En cas de violation des pr\u00e9sentes dispositions, ARMOR PROTEINES S.A.S., ses holdings et soci\u00e9t\u00e9s affili\u00e9es se r\u00e9servent le droit d&rsquo;interdire l&rsquo;acc\u00e8s au Site ou aux services propos\u00e9s, sans que cela ne limite son droit d&rsquo;intenter toute action contre vous.<\/p>\n<h2>Champ d&rsquo;application \/ Comp\u00e9tence<\/h2>\n<p>Les pr\u00e9sentes conditions g\u00e9n\u00e9rales s&rsquo;appliquent \u00e0 tous les utilisateurs, sans limitation de temps ni d&rsquo;espace. Vous acceptez que tout litige pouvant d\u00e9couler de l&rsquo;utilisation du Site soit de la comp\u00e9tence exclusive des tribunaux fran\u00e7ais et soumis au droit fran\u00e7ais.<\/p>\n","protected":false},"excerpt":{"rendered":"<p>ARMOR PHARMA\u2122 est une marque d&rsquo;ARMOR PROTEINES S.A.S. L&rsquo;\u00e9diteur du Site est ARMOR PROTEINES SAS, soci\u00e9t\u00e9 par actions simplifi\u00e9e, ci-apr\u00e8s d\u00e9nomm\u00e9e \u00ab\u00a0l&rsquo;\u00c9diteur\u00a0\u00bb, au capital social de 8\u00a0477\u00a0401,35\u00a0\u20ac, immatricul\u00e9e au Registre du Commerce et des Soci\u00e9t\u00e9s de Coutance sous les num\u00e9ros\u00a0: Num\u00e9ro SIREN\u00a0: 679\u00a0200\u00a0287 Num\u00e9ro SIRET\u00a0: 679\u00a0200\u00a0287\u00a000028 APE\u00a0: 1051D et dont le num\u00e9ro de TVA est FR\u00a055\u00a0679\u00a0200\u00a0287. Le si\u00e8ge social est<\/p>\n","protected":false},"author":812,"featured_media":0,"parent":0,"menu_order":0,"comment_status":"closed","ping_status":"closed","template":"","meta":{"_acf_changed":false,"footnotes":""},"class_list":["post-5842","page","type-page","status-publish","hentry"],"acf":[],"yoast_head":"<!-- This site is optimized with the Yoast SEO plugin v27.2 - https:\/\/yoast.com\/product\/yoast-seo-wordpress\/ -->\n<title>Termes et conditions - Armor Pharma<\/title>\n<meta name=\"description\" content=\"D\u00e9couvrez quels sont les termes et conditions appliqu\u00e9s au site Armor Pharma, h\u00e9bergements, droits de propri\u00e9t\u00e9, utilisation, marques\" \/>\n<meta name=\"robots\" content=\"index, follow, max-snippet:-1, max-image-preview:large, max-video-preview:-1\" \/>\n<link rel=\"canonical\" href=\"https:\/\/www.armor-pharma.com\/fr\/termes-et-conditions\/\" \/>\n<meta property=\"og:locale\" content=\"fr_FR\" \/>\n<meta property=\"og:type\" content=\"article\" \/>\n<meta property=\"og:title\" content=\"Termes et conditions - Armor Pharma\" \/>\n<meta property=\"og:description\" content=\"D\u00e9couvrez quels sont les termes et conditions appliqu\u00e9s au site Armor Pharma, h\u00e9bergements, droits de propri\u00e9t\u00e9, utilisation, marques\" \/>\n<meta property=\"og:url\" content=\"https:\/\/www.armor-pharma.com\/fr\/termes-et-conditions\/\" \/>\n<meta property=\"og:site_name\" content=\"Armor Pharma\" \/>\n<meta property=\"article:modified_time\" content=\"2025-08-20T07:32:18+00:00\" \/>\n<meta name=\"twitter:card\" content=\"summary_large_image\" \/>\n<meta name=\"twitter:label1\" content=\"Dur\u00e9e de lecture estim\u00e9e\" \/>\n\t<meta name=\"twitter:data1\" content=\"6 minutes\" \/>\n<script type=\"application\/ld+json\" class=\"yoast-schema-graph\">{\"@context\":\"https:\/\/schema.org\",\"@graph\":[{\"@type\":\"WebPage\",\"@id\":\"https:\/\/www.armor-pharma.com\/fr\/termes-et-conditions\/\",\"url\":\"https:\/\/www.armor-pharma.com\/fr\/termes-et-conditions\/\",\"name\":\"Termes et conditions - Armor Pharma\",\"isPartOf\":{\"@id\":\"https:\/\/www.armor-pharma.com\/fr\/#website\"},\"datePublished\":\"2025-04-14T15:55:00+00:00\",\"dateModified\":\"2025-08-20T07:32:18+00:00\",\"description\":\"D\u00e9couvrez quels sont les termes et conditions appliqu\u00e9s au site Armor Pharma, h\u00e9bergements, droits de propri\u00e9t\u00e9, utilisation, marques\",\"breadcrumb\":{\"@id\":\"https:\/\/www.armor-pharma.com\/fr\/termes-et-conditions\/#breadcrumb\"},\"inLanguage\":\"fr-FR\",\"potentialAction\":[{\"@type\":\"ReadAction\",\"target\":[\"https:\/\/www.armor-pharma.com\/fr\/termes-et-conditions\/\"]}]},{\"@type\":\"BreadcrumbList\",\"@id\":\"https:\/\/www.armor-pharma.com\/fr\/termes-et-conditions\/#breadcrumb\",\"itemListElement\":[{\"@type\":\"ListItem\",\"position\":1,\"name\":\"Home\",\"item\":\"https:\/\/www.armor-pharma.com\/fr\/\"},{\"@type\":\"ListItem\",\"position\":2,\"name\":\"Termes et conditions\"}]},{\"@type\":\"WebSite\",\"@id\":\"https:\/\/www.armor-pharma.com\/fr\/#website\",\"url\":\"https:\/\/www.armor-pharma.com\/fr\/\",\"name\":\"Armor Pharma\",\"description\":\"\",\"publisher\":{\"@id\":\"https:\/\/www.armor-pharma.com\/fr\/#organization\"},\"potentialAction\":[{\"@type\":\"SearchAction\",\"target\":{\"@type\":\"EntryPoint\",\"urlTemplate\":\"https:\/\/www.armor-pharma.com\/fr\/?s={search_term_string}\"},\"query-input\":{\"@type\":\"PropertyValueSpecification\",\"valueRequired\":true,\"valueName\":\"search_term_string\"}}],\"inLanguage\":\"fr-FR\"},{\"@type\":\"Organization\",\"@id\":\"https:\/\/www.armor-pharma.com\/fr\/#organization\",\"name\":\"Armor Pharma\",\"url\":\"https:\/\/www.armor-pharma.com\/fr\/\",\"logo\":{\"@type\":\"ImageObject\",\"inLanguage\":\"fr-FR\",\"@id\":\"https:\/\/www.armor-pharma.com\/fr\/#\/schema\/logo\/image\/\",\"url\":\"https:\/\/www.armor-pharma.com\/wp-content\/uploads\/cropped-logo.png\",\"contentUrl\":\"https:\/\/www.armor-pharma.com\/wp-content\/uploads\/cropped-logo.png\",\"width\":150,\"height\":66,\"caption\":\"Armor Pharma\"},\"image\":{\"@id\":\"https:\/\/www.armor-pharma.com\/fr\/#\/schema\/logo\/image\/\"}}]}<\/script>\n<!-- \/ Yoast SEO plugin. -->","yoast_head_json":{"title":"Termes et conditions - Armor Pharma","description":"D\u00e9couvrez quels sont les termes et conditions appliqu\u00e9s au site Armor Pharma, h\u00e9bergements, droits de propri\u00e9t\u00e9, utilisation, marques","robots":{"index":"index","follow":"follow","max-snippet":"max-snippet:-1","max-image-preview":"max-image-preview:large","max-video-preview":"max-video-preview:-1"},"canonical":"https:\/\/www.armor-pharma.com\/fr\/termes-et-conditions\/","og_locale":"fr_FR","og_type":"article","og_title":"Termes et conditions - Armor Pharma","og_description":"D\u00e9couvrez quels sont les termes et conditions appliqu\u00e9s au site Armor Pharma, h\u00e9bergements, droits de propri\u00e9t\u00e9, utilisation, marques","og_url":"https:\/\/www.armor-pharma.com\/fr\/termes-et-conditions\/","og_site_name":"Armor Pharma","article_modified_time":"2025-08-20T07:32:18+00:00","twitter_card":"summary_large_image","twitter_misc":{"Dur\u00e9e de lecture estim\u00e9e":"6 minutes"},"schema":{"@context":"https:\/\/schema.org","@graph":[{"@type":"WebPage","@id":"https:\/\/www.armor-pharma.com\/fr\/termes-et-conditions\/","url":"https:\/\/www.armor-pharma.com\/fr\/termes-et-conditions\/","name":"Termes et conditions - Armor Pharma","isPartOf":{"@id":"https:\/\/www.armor-pharma.com\/fr\/#website"},"datePublished":"2025-04-14T15:55:00+00:00","dateModified":"2025-08-20T07:32:18+00:00","description":"D\u00e9couvrez quels sont les termes et conditions appliqu\u00e9s au site Armor Pharma, h\u00e9bergements, droits de propri\u00e9t\u00e9, utilisation, marques","breadcrumb":{"@id":"https:\/\/www.armor-pharma.com\/fr\/termes-et-conditions\/#breadcrumb"},"inLanguage":"fr-FR","potentialAction":[{"@type":"ReadAction","target":["https:\/\/www.armor-pharma.com\/fr\/termes-et-conditions\/"]}]},{"@type":"BreadcrumbList","@id":"https:\/\/www.armor-pharma.com\/fr\/termes-et-conditions\/#breadcrumb","itemListElement":[{"@type":"ListItem","position":1,"name":"Home","item":"https:\/\/www.armor-pharma.com\/fr\/"},{"@type":"ListItem","position":2,"name":"Termes et conditions"}]},{"@type":"WebSite","@id":"https:\/\/www.armor-pharma.com\/fr\/#website","url":"https:\/\/www.armor-pharma.com\/fr\/","name":"Armor Pharma","description":"","publisher":{"@id":"https:\/\/www.armor-pharma.com\/fr\/#organization"},"potentialAction":[{"@type":"SearchAction","target":{"@type":"EntryPoint","urlTemplate":"https:\/\/www.armor-pharma.com\/fr\/?s={search_term_string}"},"query-input":{"@type":"PropertyValueSpecification","valueRequired":true,"valueName":"search_term_string"}}],"inLanguage":"fr-FR"},{"@type":"Organization","@id":"https:\/\/www.armor-pharma.com\/fr\/#organization","name":"Armor Pharma","url":"https:\/\/www.armor-pharma.com\/fr\/","logo":{"@type":"ImageObject","inLanguage":"fr-FR","@id":"https:\/\/www.armor-pharma.com\/fr\/#\/schema\/logo\/image\/","url":"https:\/\/www.armor-pharma.com\/wp-content\/uploads\/cropped-logo.png","contentUrl":"https:\/\/www.armor-pharma.com\/wp-content\/uploads\/cropped-logo.png","width":150,"height":66,"caption":"Armor Pharma"},"image":{"@id":"https:\/\/www.armor-pharma.com\/fr\/#\/schema\/logo\/image\/"}}]}},"_links":{"self":[{"href":"https:\/\/www.armor-pharma.com\/fr\/wp-json\/wp\/v2\/pages\/5842","targetHints":{"allow":["GET"]}}],"collection":[{"href":"https:\/\/www.armor-pharma.com\/fr\/wp-json\/wp\/v2\/pages"}],"about":[{"href":"https:\/\/www.armor-pharma.com\/fr\/wp-json\/wp\/v2\/types\/page"}],"author":[{"embeddable":true,"href":"https:\/\/www.armor-pharma.com\/fr\/wp-json\/wp\/v2\/users\/812"}],"replies":[{"embeddable":true,"href":"https:\/\/www.armor-pharma.com\/fr\/wp-json\/wp\/v2\/comments?post=5842"}],"version-history":[{"count":2,"href":"https:\/\/www.armor-pharma.com\/fr\/wp-json\/wp\/v2\/pages\/5842\/revisions"}],"predecessor-version":[{"id":6977,"href":"https:\/\/www.armor-pharma.com\/fr\/wp-json\/wp\/v2\/pages\/5842\/revisions\/6977"}],"wp:attachment":[{"href":"https:\/\/www.armor-pharma.com\/fr\/wp-json\/wp\/v2\/media?parent=5842"}],"curies":[{"name":"wp","href":"https:\/\/api.w.org\/{rel}","templated":true}]}}