{"id":5843,"date":"2025-04-15T10:07:47","date_gmt":"2025-04-15T08:07:47","guid":{"rendered":"https:\/\/www.armor-pharma.com\/politique-de-confidentialite\/"},"modified":"2025-05-14T16:37:10","modified_gmt":"2025-05-14T14:37:10","slug":"politique-de-confidentialite","status":"publish","type":"page","link":"https:\/\/www.armor-pharma.com\/fr\/politique-de-confidentialite\/","title":{"rendered":"Politique de confidentialit\u00e9"},"content":{"rendered":"<h2><strong>1. Qui sommes nous ?<\/strong><\/h2>\n<h3><strong>1.1 Responsable du traitement des donn\u00e9es<\/strong><\/h3>\n<p>Les informations suivantes vous sont fournies afin de vous expliquer les engagements en mati\u00e8re de protection des donn\u00e9es personnelles du site ARMOR PHARMA\u2122, en tant que marque de la soci\u00e9t\u00e9 ARMOR PROTEINES dont le si\u00e8ge social est situ\u00e9 \u00e0 50890 Cond\u00e9-sur-Vire \u2013 France, agissant en qualit\u00e9 de responsable du traitement des donn\u00e9es personnelles d\u00e9crites dans le pr\u00e9sent document et d\u00e9sign\u00e9e le \u00ab Responsable du traitement \u00bb ou \u00ab nous \u00bb.<\/p>\n<h3><strong>1.2 Notre responsable de la politique de protection des donn\u00e9es<\/strong><\/h3>\n<p>Le Responsable du traitement a d\u00e9sign\u00e9 un responsable de la protection des donn\u00e9es que vous pouvez contacter : par courrier \u00e9lectronique \u00e0 l&rsquo;adresse suivante : <a href=\"mailto:mesdonneespersonnelles@armor-dairy.com\">mesdonneespersonnelles@armor-dairy.com<\/a><\/p>\n<p>par courrier \u00e0 l&rsquo;adresse suivante :<\/p>\n<p>Armor Prot\u00e9ines<\/p>\n<p>19 bis rue de la Lib\u00e9ration<\/p>\n<p>Saint-Brice-en-Cogl\u00e8s<\/p>\n<p>35460 MAEN ROCH \u2013 France<\/p>\n<p>Le d\u00e9l\u00e9gu\u00e9 \u00e0 la protection des donn\u00e9es peut \u00eatre contact\u00e9 \u00e0 l&rsquo;adresse suivante : <a href=\"mailto:mesdonneespersonnelles@armor-dairy.com\">mesdonneespersonnelles@armor-dairy.com<\/a><\/p>\n<h2><strong>2. Les donn\u00e9es personnelles que nous traitons<\/strong><\/h2>\n<p>Dans le cadre du traitement des donn\u00e9es personnelles, le Responsable du traitement collecte et traite les donn\u00e9es suivantes\u00a0:<\/p>\n<p>\u2013\u00a0\u00a0\u00a0 Titre, nom, pr\u00e9nom(s), raison sociale, adresse e-mail, num\u00e9ro de t\u00e9l\u00e9phone, adresse IP.<\/p>\n<h2><strong>3. Les finalit\u00e9s et les bases juridiques de notre traitement des donn\u00e9es<\/strong><\/h2>\n<h3><strong>3.1 Les finalit\u00e9s de notre traitement<\/strong><\/h3>\n<p>Les traitements que nous effectuons visent \u00e0 assurer\u00a0:<\/p>\n<p>&#8211; la gestion du contenu du site\u00a0;<\/p>\n<p>&#8211; l&rsquo;analyse d&rsquo;audience\u00a0;<\/p>\n<p>&#8211; la gestion des demandes issues du formulaire de contact\u00a0;<\/p>\n<p>&#8211; les statistiques et le reporting.<\/p>\n<h3><strong>3.2 Les fondements juridiques de notre traitement<\/strong><\/h3>\n<p>Nous ne traitons les donn\u00e9es personnelles que si au moins une des conditions suivantes est remplie\u00a0:<\/p>\n<p>\u2013\u00a0\u00a0\u00a0 Votre consentement a \u00e9t\u00e9 obtenu\u00a0;<\/p>\n<p>\u2013\u00a0\u00a0\u00a0 Nous ou un tiers avons un int\u00e9r\u00eat l\u00e9gitime au traitement pr\u00e9vu\u00a0;<\/p>\n<p>\u2013\u00a0\u00a0\u00a0 Le traitement est n\u00e9cessaire \u00e0 l\u2019ex\u00e9cution d\u2019un contrat conclu avec vous\u00a0;<\/p>\n<p>\u2013\u00a0\u00a0\u00a0 Nous avons une obligation l\u00e9gale ou r\u00e9glementaire d\u2019effectuer le traitement pr\u00e9vu.<\/p>\n<h2><strong>4. Les destinataires de vos donn\u00e9es<\/strong><\/h2>\n<p>Les donn\u00e9es personnelles que nous collectons actuellement ou ult\u00e9rieurement sont destin\u00e9es \u00e0 notre usage en tant que Responsable du traitement.<\/p>\n<p>Nous veillerons \u00e0 ce que seules les personnes autoris\u00e9es puissent y acc\u00e9der. Nos sous-traitants et prestataires situ\u00e9s en France, en Europe et aux \u00c9tats-Unis peuvent \u00eatre destinataires de ces donn\u00e9es pour l&rsquo;ex\u00e9cution des prestations que nous leur confions.<\/p>\n<p>Vos donn\u00e9es personnelles peuvent \u00eatre compar\u00e9es ou partag\u00e9es entre toutes les soci\u00e9t\u00e9s m\u00e8res ou associ\u00e9es et filiales du Responsable du traitement. Elles peuvent \u00eatre communiqu\u00e9es \u00e0 ces entit\u00e9s aux fins d\u00e9crites dans la pr\u00e9sente notice, conform\u00e9ment aux exigences r\u00e9glementaires applicables et de mani\u00e8re \u00e0 garantir la protection de vos donn\u00e9es et de vos libert\u00e9s civiles.<\/p>\n<h2><strong>5. Transfert de vos donn\u00e9es<\/strong><\/h2>\n<p>Nous transf\u00e9rons vos donn\u00e9es personnelles \u00e0 des partenaires situ\u00e9s aux \u00c9tats-Unis (Google Analytics).<br \/>\nChacun de ces transferts est r\u00e9gi par des instruments juridiques conformes au cadre juridique applicable.<\/p>\n<h2><strong>6. La ou les p\u00e9riodes pendant lesquelles nous conservons vos donn\u00e9es<\/strong><\/h2>\n<p>La dur\u00e9e de conservation de vos donn\u00e9es est proportionn\u00e9e aux finalit\u00e9s pour lesquelles nous les avons collect\u00e9es. Notre politique de conservation est ainsi organis\u00e9e comme suit\u00a0:<\/p>\n<p>&#8211; Finalit\u00e9 du traitement\u00a0: Cookies<\/p>\n<p>&#8211; Dur\u00e9e de conservation\u00a0: Voir la <a href=\"https:\/\/www.armor-pharma.com\/fr\/politique-de-cookies\/\">Politique relative aux cookies<\/a><\/p>\n<p>&#8211; Cookies\u00a0: 13\u00a0mois \u00e0 compter de leur installation sur votre appareil<\/p>\n<p>&#8211; En cas d\u2019exercice des droits d\u2019acc\u00e8s, de rectification, d\u2019effacement, de limitation, les donn\u00e9es relatives aux pi\u00e8ces d\u2019identit\u00e9 et les informations permettant de prendre en compte ces droits\u00a0: 1\u00a0an \u00e0 compter de la r\u00e9ception de la demande.<\/p>\n<p>&#8211; En cas d\u2019exercice du droit d\u2019opposition, les donn\u00e9es relatives aux pi\u00e8ces d\u2019identit\u00e9 et les informations permettant de prendre en compte ce droit\u00a0: 6\u00a0ans \u00e0 compter de la r\u00e9ception de la demande.<\/p>\n<p>&#8211; Demandes effectu\u00e9es via le formulaire de contact\u00a0: Pour la dur\u00e9e du traitement de la demande augment\u00e9e du d\u00e9lai de prescription l\u00e9gale.<\/p>\n<h2><strong>7. Vos droits<\/strong><\/h2>\n<h3><strong>7.1 Exercice de vos droits<\/strong><\/h3>\n<p>Vous pouvez exercer vos droits par courriel \u00e0 l&rsquo;adresse suivante\u00a0: <a href=\"mailto:mesdonneespersonnelles@armor-dairy.com\">mesdonneespersonnelles@armor-dairy.com<\/a><\/p>\n<p>ou par courrier postal \u00e0 l&rsquo;adresse suivante\u00a0:<\/p>\n<p>Armor Prot\u00e9ines<\/p>\n<p>19 bis rue de la Lib\u00e9ration<\/p>\n<p>Saint-Brice-en-Cogl\u00e8s<\/p>\n<p>35460 MAEN ROCH \u2013 France<\/p>\n<p>\u00c0 cette fin, vous devez indiquer vos nom, pr\u00e9nom(s) et l&rsquo;adresse \u00e0 laquelle vous souhaitez recevoir la r\u00e9ponse.<\/p>\n<p>En principe, vous pouvez exercer tous vos droits gratuitement, mais il pourra vous \u00eatre demand\u00e9 de payer des frais raisonnables refl\u00e9tant les co\u00fbts administratifs li\u00e9s \u00e0 la fourniture de toute copie des donn\u00e9es que vous pourriez demander.<\/p>\n<p>Concernant le droit \u00e0 l&rsquo;information, le Responsable du traitement n&rsquo;est pas tenu de r\u00e9pondre si vous demandez des informations que vous poss\u00e9dez d\u00e9j\u00e0.<\/p>\n<p>Le Responsable du traitement vous informera si aucune r\u00e9ponse ne peut \u00eatre apport\u00e9e.<\/p>\n<p>Les droits mentionn\u00e9s ne sont pas absolus et sont soumis \u00e0 diverses conditions fond\u00e9es sur\u00a0:<\/p>\n<p>\u2013\u00a0\u00a0\u00a0 la l\u00e9gislation locale applicable \u00e0 la protection des donn\u00e9es personnelles ou de la vie priv\u00e9e\u00a0; et<\/p>\n<p>\u2013\u00a0\u00a0\u00a0\u00a0 les exigences l\u00e9gales et r\u00e9glementaires locales plus g\u00e9n\u00e9rales. Le Responsable du traitement souligne que tout d\u00e9faut de communication ou modification de vos donn\u00e9es peut avoir des cons\u00e9quences sur le traitement de certains aspects de l&rsquo;ex\u00e9cution de notre relation contractuelle, et que votre demande d&rsquo;exercice de vos droits sera conserv\u00e9e pendant 6 ans pour votre droit d&rsquo;opposition et 1 an pour vos autres droits.<\/p>\n<p>L&rsquo;ensemble des droits dont vous b\u00e9n\u00e9ficiez sont d\u00e9taill\u00e9s ci-dessous.<\/p>\n<h3><strong>7.2 Votre droit \u00e0 l&rsquo;information<\/strong><\/h3>\n<p>Vous reconnaissez que la pr\u00e9sente notice vous informe des finalit\u00e9s, du cadre juridique applicable et de l&rsquo;int\u00e9r\u00eat de la collecte de vos donn\u00e9es personnelles, ainsi que des destinataires ou cat\u00e9gories de destinataires avec lesquels vos donn\u00e9es personnelles sont partag\u00e9es, et de la possibilit\u00e9 de transfert de vos donn\u00e9es vers un pays tiers ou une organisation internationale.<\/p>\n<p>En compl\u00e9ment de ces informations et afin de garantir un traitement \u00e9quitable et transparent de vos donn\u00e9es, vous confirmez avoir re\u00e7u des informations compl\u00e9mentaires concernant\u00a0:<\/p>\n<p>\u2013\u00a0\u00a0\u00a0 La dur\u00e9e de conservation de vos donn\u00e9es personnelles\u00a0;<\/p>\n<p>\u2013\u00a0\u00a0\u00a0 Les droits dont vous disposez et la mani\u00e8re de les exercer.<\/p>\n<p>Si nous d\u00e9cidons de traiter vos donn\u00e9es \u00e0 une autre fin que celle initialement indiqu\u00e9e, nous vous fournirons des informations compl\u00e8tes sur cette autre finalit\u00e9.<\/p>\n<h3><strong>7.3 Votre droit d&rsquo;acc\u00e8s et de rectification de vos donn\u00e9es<\/strong><\/h3>\n<p>En exer\u00e7ant ce droit, vous pouvez obtenir la confirmation que vos donn\u00e9es personnelles font (ou ne font pas) l&rsquo;objet d&rsquo;un traitement et, si elles le font, vous pouvez y avoir acc\u00e8s ainsi qu&rsquo;aux informations concernant\u00a0:<\/p>\n<p>\u2013\u00a0\u00a0\u00a0 Les finalit\u00e9s du traitement\u00a0;<\/p>\n<p>\u2013\u00a0\u00a0\u00a0 Les cat\u00e9gories de donn\u00e9es personnelles concern\u00e9es\u00a0;<\/p>\n<p>\u2013\u00a0\u00a0\u00a0 Les destinataires ou cat\u00e9gories de destinataires, notamment les destinataires situ\u00e9s dans des pays tiers\u00a0;<\/p>\n<p>\u2013\u00a0\u00a0\u00a0 Lorsque cela est possible, la dur\u00e9e de conservation envisag\u00e9e de vos donn\u00e9es personnelles ou, si cela n&rsquo;est pas possible, les crit\u00e8res utilis\u00e9s pour d\u00e9terminer cette dur\u00e9e\u00a0;<\/p>\n<p>\u2013\u00a0\u00a0\u00a0 L&rsquo;existence du droit de demander au responsable du traitement la rectification ou l&rsquo;effacement de vos donn\u00e9es personnelles, ou la limitation du traitement de vos donn\u00e9es personnelles, ou de vous opposer \u00e0 ce traitement\u00a0;<\/p>\n<p>\u2013\u00a0\u00a0\u00a0 Le droit d&rsquo;introduire une r\u00e9clamation aupr\u00e8s d&rsquo;une autorit\u00e9 de contr\u00f4le\u00a0;<\/p>\n<p>\u2013\u00a0\u00a0\u00a0 Lorsque vos donn\u00e9es personnelles ne sont pas collect\u00e9es directement aupr\u00e8s de vous, toute information disponible quant \u00e0 leur source\u00a0;<\/p>\n<p>\u2013\u00a0\u00a0\u00a0 L&rsquo;existence d&rsquo;une prise de d\u00e9cision automatis\u00e9e, y compris un profilage, et, au moins dans ce cas, des informations utiles sur la logique sous-jacente, ainsi que sur l&rsquo;importance et les cons\u00e9quences pr\u00e9vues de ce traitement pour les personnes concern\u00e9es.<\/p>\n<p>Vous pouvez demander que vos donn\u00e9es personnelles soient rectifi\u00e9es ou compl\u00e9t\u00e9es si elles sont inexactes, incompl\u00e8tes, \u00e9quivoques ou obsol\u00e8tes.<\/p>\n<h3><strong>7.4 Votre droit d&rsquo;effacer vos donn\u00e9es<\/strong><\/h3>\n<p>Vous pouvez demander l&rsquo;effacement de vos donn\u00e9es personnelles si\u00a0:<\/p>\n<p>&#8211;\u00a0\u00a0\u00a0 Les donn\u00e9es personnelles ne sont plus n\u00e9cessaires au regard des finalit\u00e9s pour lesquelles elles ont \u00e9t\u00e9 collect\u00e9es ou trait\u00e9es\u00a0;<\/p>\n<p>&#8211;\u00a0\u00a0\u00a0 Vous retirez votre consentement\u00a0;<\/p>\n<p>&#8211;\u00a0\u00a0\u00a0 Vous vous opposez au traitement et il n&rsquo;existe aucun motif l\u00e9gitime imp\u00e9rieux pour le traitement\u00a0;<\/p>\n<p>&#8211;\u00a0\u00a0\u00a0 Les donn\u00e9es personnelles ont \u00e9t\u00e9 trait\u00e9es en violation des exigences l\u00e9gales et r\u00e9glementaires applicables\u00a0;<\/p>\n<p>&#8211;\u00a0\u00a0\u00a0 Les donn\u00e9es personnelles ont \u00e9t\u00e9 collect\u00e9es lorsque vous \u00e9tiez mineur.<\/p>\n<p>L&rsquo;exercice de ce droit n&rsquo;est toutefois pas possible si la conservation de vos donn\u00e9es personnelles r\u00e9pond \u00e0 une obligation l\u00e9gale ou r\u00e9glementaire ou est n\u00e9cessaire \u00e0 la constatation, \u00e0 l&rsquo;exercice ou \u00e0 la d\u00e9fense de droits en justice.<\/p>\n<h3><strong>7.5 Votre droit de restreindre le traitement de vos donn\u00e9es<\/strong><\/h3>\n<p>Vous pouvez demander la limitation du traitement de vos donn\u00e9es personnelles conform\u00e9ment aux dispositions l\u00e9gales et r\u00e9glementaires applicables.<\/p>\n<h3><strong>7.6 Votre droit d&rsquo;opposition au traitement de vos donn\u00e9es (d\u00e9sinscription)<\/strong><\/h3>\n<p>Vous avez le droit de vous opposer au traitement de vos donn\u00e9es personnelles, sauf si ce traitement est justifi\u00e9 par des motifs l\u00e9gitimes et imp\u00e9rieux du Responsable du traitement.<\/p>\n<p>Si nous vous contactons directement, ce droit peut \u00eatre exerc\u00e9 par tout moyen, notamment en cliquant sur le lien de d\u00e9sabonnement figurant au bas du message envoy\u00e9.<\/p>\n<h3><strong>7.7 Votre droit \u00e0 la portabilit\u00e9 des donn\u00e9es<\/strong><\/h3>\n<p>Vous disposez d&rsquo;un droit \u00e0 la portabilit\u00e9 de vos donn\u00e9es personnelles. Ce droit s&rsquo;applique aux donn\u00e9es suivantes\u00a0:<\/p>\n<p>&#8211;\u00a0\u00a0\u00a0 Uniquement vos donn\u00e9es personnelles, c&rsquo;est-\u00e0-dire \u00e0 l&rsquo;exclusion des donn\u00e9es anonymis\u00e9es ou ne vous concernant pas\u00a0;<\/p>\n<p>&#8211;\u00a0\u00a0\u00a0 Donn\u00e9es personnelles d\u00e9clar\u00e9es ou associ\u00e9es \u00e0 votre utilisation de biens et services\u00a0;<\/p>\n<p>&#8211;\u00a0\u00a0\u00a0 Donn\u00e9es personnelles ne portant pas atteinte aux droits et libert\u00e9s de tiers (telles que les donn\u00e9es prot\u00e9g\u00e9es par le secret des affaires).<\/p>\n<p>Ce droit est limit\u00e9 au traitement fond\u00e9 sur votre consentement ou sur un contrat et aux donn\u00e9es personnelles que vous avez personnellement g\u00e9n\u00e9r\u00e9es. Il ne s&rsquo;\u00e9tend pas aux donn\u00e9es d\u00e9riv\u00e9es ou inf\u00e9r\u00e9es, qui sont des donn\u00e9es personnelles cr\u00e9\u00e9es par le Responsable du traitement.<\/p>\n<h3><strong>7.8 Votre droit de retirer votre consentement<\/strong><\/h3>\n<p>Lorsque le traitement est bas\u00e9 sur votre consentement, vous pouvez retirer votre consentement \u00e0 tout moment, auquel cas nous ne traiterons plus vos donn\u00e9es personnelles, mais tout traitement ant\u00e9rieur auquel vous avez consenti ne sera pas affect\u00e9.<\/p>\n<h3><strong>7.9 Votre droit de d\u00e9poser une plainte<\/strong><\/h3>\n<p>Vous avez le droit d\u2019introduire une r\u00e9clamation aupr\u00e8s d\u2019une autorit\u00e9 de contr\u00f4le sans pr\u00e9judice de vos autres droits de recours administratif ou judiciaire.<\/p>\n<h3><strong>7.10 Votre droit de laisser des instructions pour apr\u00e8s votre d\u00e9c\u00e8s<\/strong><\/h3>\n<p>Vous disposez du droit de laisser des directives relatives \u00e0 la conservation, \u00e0 l\u2019effacement et \u00e0 la communication de vos donn\u00e9es personnelles apr\u00e8s votre d\u00e9c\u00e8s, sous r\u00e9serve de la d\u00e9signation formelle d\u2019un tiers de confiance et du respect des dispositions l\u00e9gales applicables.<\/p>\n<h2><strong>8. S\u00e9curit\u00e9 de vos donn\u00e9es<\/strong><\/h2>\n<p>Nous attachons une grande importance \u00e0 la protection, \u00e0 l&rsquo;int\u00e9grit\u00e9 et \u00e0 la confidentialit\u00e9 de vos donn\u00e9es. C&rsquo;est pourquoi nous avons mis en \u0153uvre des mesures techniques et organisationnelles pour garantir un niveau de s\u00e9curit\u00e9 adapt\u00e9 au risque et prot\u00e9ger vos donn\u00e9es contre toute perte, alt\u00e9ration, acc\u00e8s ou divulgation \u00e0 des tiers non autoris\u00e9s.<\/p>\n<p>Cependant, malgr\u00e9 nos efforts, aucune mesure de s\u00e9curit\u00e9 ne peut nous prot\u00e9ger contre tous les risques d&rsquo;utilisation abusive ou de piratage, dont nous, en tant que responsable du traitement, ne pouvons \u00eatre tenus responsables.<\/p>\n<p>En cas de violation de donn\u00e9es personnelles, nous nous engageons \u00e0 notifier la CNIL conform\u00e9ment \u00e0 la r\u00e9glementation en vigueur relative \u00e0 la protection des donn\u00e9es personnelles. Si une violation de donn\u00e9es pr\u00e9sente un risque \u00e9lev\u00e9 pour vos droits et libert\u00e9s, nous vous en informerons dans les meilleurs d\u00e9lais et toujours conform\u00e9ment aux conditions pr\u00e9vues par la r\u00e9glementation en vigueur relative \u00e0 la protection des donn\u00e9es personnelles.<\/p>\n","protected":false},"excerpt":{"rendered":"<p>1. Qui sommes nous ? 1.1 Responsable du traitement des donn\u00e9es Les informations suivantes vous sont fournies afin de vous expliquer les engagements en mati\u00e8re de protection des donn\u00e9es personnelles du site ARMOR PHARMA\u2122, en tant que marque de la soci\u00e9t\u00e9 ARMOR PROTEINES dont le si\u00e8ge social est situ\u00e9 \u00e0 50890 Cond\u00e9-sur-Vire \u2013 France, agissant en qualit\u00e9 de responsable du<\/p>\n","protected":false},"author":812,"featured_media":0,"parent":0,"menu_order":0,"comment_status":"closed","ping_status":"closed","template":"","meta":{"_acf_changed":false,"footnotes":""},"class_list":["post-5843","page","type-page","status-publish","hentry"],"acf":[],"yoast_head":"<!-- This site is optimized with the Yoast SEO plugin v27.2 - https:\/\/yoast.com\/product\/yoast-seo-wordpress\/ -->\n<title>Politique de confidentialit\u00e9 - Armor Pharma<\/title>\n<meta name=\"description\" content=\"D\u00e9couvrez la politique de confidentialit\u00e9 d&#039;Armor Pharma : responsable du traitement, vos droits, s\u00e9curit\u00e9\" \/>\n<meta name=\"robots\" content=\"index, follow, max-snippet:-1, max-image-preview:large, max-video-preview:-1\" \/>\n<link rel=\"canonical\" href=\"https:\/\/www.armor-pharma.com\/fr\/politique-de-confidentialite\/\" \/>\n<meta property=\"og:locale\" content=\"fr_FR\" \/>\n<meta property=\"og:type\" content=\"article\" \/>\n<meta property=\"og:title\" content=\"Politique de confidentialit\u00e9 - Armor Pharma\" \/>\n<meta property=\"og:description\" content=\"D\u00e9couvrez la politique de confidentialit\u00e9 d&#039;Armor Pharma : responsable du traitement, vos droits, s\u00e9curit\u00e9\" \/>\n<meta property=\"og:url\" content=\"https:\/\/www.armor-pharma.com\/fr\/politique-de-confidentialite\/\" \/>\n<meta property=\"og:site_name\" content=\"Armor Pharma\" \/>\n<meta property=\"article:modified_time\" content=\"2025-05-14T14:37:10+00:00\" \/>\n<meta name=\"twitter:card\" content=\"summary_large_image\" \/>\n<meta name=\"twitter:label1\" content=\"Dur\u00e9e de lecture estim\u00e9e\" \/>\n\t<meta name=\"twitter:data1\" content=\"8 minutes\" \/>\n<script type=\"application\/ld+json\" class=\"yoast-schema-graph\">{\"@context\":\"https:\/\/schema.org\",\"@graph\":[{\"@type\":\"WebPage\",\"@id\":\"https:\/\/www.armor-pharma.com\/fr\/politique-de-confidentialite\/\",\"url\":\"https:\/\/www.armor-pharma.com\/fr\/politique-de-confidentialite\/\",\"name\":\"Politique de confidentialit\u00e9 - Armor Pharma\",\"isPartOf\":{\"@id\":\"https:\/\/www.armor-pharma.com\/fr\/#website\"},\"datePublished\":\"2025-04-15T08:07:47+00:00\",\"dateModified\":\"2025-05-14T14:37:10+00:00\",\"description\":\"D\u00e9couvrez la politique de confidentialit\u00e9 d'Armor Pharma : responsable du traitement, vos droits, s\u00e9curit\u00e9\",\"breadcrumb\":{\"@id\":\"https:\/\/www.armor-pharma.com\/fr\/politique-de-confidentialite\/#breadcrumb\"},\"inLanguage\":\"fr-FR\",\"potentialAction\":[{\"@type\":\"ReadAction\",\"target\":[\"https:\/\/www.armor-pharma.com\/fr\/politique-de-confidentialite\/\"]}]},{\"@type\":\"BreadcrumbList\",\"@id\":\"https:\/\/www.armor-pharma.com\/fr\/politique-de-confidentialite\/#breadcrumb\",\"itemListElement\":[{\"@type\":\"ListItem\",\"position\":1,\"name\":\"Home\",\"item\":\"https:\/\/www.armor-pharma.com\/fr\/\"},{\"@type\":\"ListItem\",\"position\":2,\"name\":\"Politique de confidentialit\u00e9\"}]},{\"@type\":\"WebSite\",\"@id\":\"https:\/\/www.armor-pharma.com\/fr\/#website\",\"url\":\"https:\/\/www.armor-pharma.com\/fr\/\",\"name\":\"Armor Pharma\",\"description\":\"\",\"publisher\":{\"@id\":\"https:\/\/www.armor-pharma.com\/fr\/#organization\"},\"potentialAction\":[{\"@type\":\"SearchAction\",\"target\":{\"@type\":\"EntryPoint\",\"urlTemplate\":\"https:\/\/www.armor-pharma.com\/fr\/?s={search_term_string}\"},\"query-input\":{\"@type\":\"PropertyValueSpecification\",\"valueRequired\":true,\"valueName\":\"search_term_string\"}}],\"inLanguage\":\"fr-FR\"},{\"@type\":\"Organization\",\"@id\":\"https:\/\/www.armor-pharma.com\/fr\/#organization\",\"name\":\"Armor Pharma\",\"url\":\"https:\/\/www.armor-pharma.com\/fr\/\",\"logo\":{\"@type\":\"ImageObject\",\"inLanguage\":\"fr-FR\",\"@id\":\"https:\/\/www.armor-pharma.com\/fr\/#\/schema\/logo\/image\/\",\"url\":\"https:\/\/www.armor-pharma.com\/wp-content\/uploads\/cropped-logo.png\",\"contentUrl\":\"https:\/\/www.armor-pharma.com\/wp-content\/uploads\/cropped-logo.png\",\"width\":150,\"height\":66,\"caption\":\"Armor Pharma\"},\"image\":{\"@id\":\"https:\/\/www.armor-pharma.com\/fr\/#\/schema\/logo\/image\/\"}}]}<\/script>\n<!-- \/ Yoast SEO plugin. -->","yoast_head_json":{"title":"Politique de confidentialit\u00e9 - Armor Pharma","description":"D\u00e9couvrez la politique de confidentialit\u00e9 d'Armor Pharma : responsable du traitement, vos droits, s\u00e9curit\u00e9","robots":{"index":"index","follow":"follow","max-snippet":"max-snippet:-1","max-image-preview":"max-image-preview:large","max-video-preview":"max-video-preview:-1"},"canonical":"https:\/\/www.armor-pharma.com\/fr\/politique-de-confidentialite\/","og_locale":"fr_FR","og_type":"article","og_title":"Politique de confidentialit\u00e9 - Armor Pharma","og_description":"D\u00e9couvrez la politique de confidentialit\u00e9 d'Armor Pharma : responsable du traitement, vos droits, s\u00e9curit\u00e9","og_url":"https:\/\/www.armor-pharma.com\/fr\/politique-de-confidentialite\/","og_site_name":"Armor Pharma","article_modified_time":"2025-05-14T14:37:10+00:00","twitter_card":"summary_large_image","twitter_misc":{"Dur\u00e9e de lecture estim\u00e9e":"8 minutes"},"schema":{"@context":"https:\/\/schema.org","@graph":[{"@type":"WebPage","@id":"https:\/\/www.armor-pharma.com\/fr\/politique-de-confidentialite\/","url":"https:\/\/www.armor-pharma.com\/fr\/politique-de-confidentialite\/","name":"Politique de confidentialit\u00e9 - Armor Pharma","isPartOf":{"@id":"https:\/\/www.armor-pharma.com\/fr\/#website"},"datePublished":"2025-04-15T08:07:47+00:00","dateModified":"2025-05-14T14:37:10+00:00","description":"D\u00e9couvrez la politique de confidentialit\u00e9 d'Armor Pharma : responsable du traitement, vos droits, s\u00e9curit\u00e9","breadcrumb":{"@id":"https:\/\/www.armor-pharma.com\/fr\/politique-de-confidentialite\/#breadcrumb"},"inLanguage":"fr-FR","potentialAction":[{"@type":"ReadAction","target":["https:\/\/www.armor-pharma.com\/fr\/politique-de-confidentialite\/"]}]},{"@type":"BreadcrumbList","@id":"https:\/\/www.armor-pharma.com\/fr\/politique-de-confidentialite\/#breadcrumb","itemListElement":[{"@type":"ListItem","position":1,"name":"Home","item":"https:\/\/www.armor-pharma.com\/fr\/"},{"@type":"ListItem","position":2,"name":"Politique de confidentialit\u00e9"}]},{"@type":"WebSite","@id":"https:\/\/www.armor-pharma.com\/fr\/#website","url":"https:\/\/www.armor-pharma.com\/fr\/","name":"Armor Pharma","description":"","publisher":{"@id":"https:\/\/www.armor-pharma.com\/fr\/#organization"},"potentialAction":[{"@type":"SearchAction","target":{"@type":"EntryPoint","urlTemplate":"https:\/\/www.armor-pharma.com\/fr\/?s={search_term_string}"},"query-input":{"@type":"PropertyValueSpecification","valueRequired":true,"valueName":"search_term_string"}}],"inLanguage":"fr-FR"},{"@type":"Organization","@id":"https:\/\/www.armor-pharma.com\/fr\/#organization","name":"Armor Pharma","url":"https:\/\/www.armor-pharma.com\/fr\/","logo":{"@type":"ImageObject","inLanguage":"fr-FR","@id":"https:\/\/www.armor-pharma.com\/fr\/#\/schema\/logo\/image\/","url":"https:\/\/www.armor-pharma.com\/wp-content\/uploads\/cropped-logo.png","contentUrl":"https:\/\/www.armor-pharma.com\/wp-content\/uploads\/cropped-logo.png","width":150,"height":66,"caption":"Armor Pharma"},"image":{"@id":"https:\/\/www.armor-pharma.com\/fr\/#\/schema\/logo\/image\/"}}]}},"_links":{"self":[{"href":"https:\/\/www.armor-pharma.com\/fr\/wp-json\/wp\/v2\/pages\/5843","targetHints":{"allow":["GET"]}}],"collection":[{"href":"https:\/\/www.armor-pharma.com\/fr\/wp-json\/wp\/v2\/pages"}],"about":[{"href":"https:\/\/www.armor-pharma.com\/fr\/wp-json\/wp\/v2\/types\/page"}],"author":[{"embeddable":true,"href":"https:\/\/www.armor-pharma.com\/fr\/wp-json\/wp\/v2\/users\/812"}],"replies":[{"embeddable":true,"href":"https:\/\/www.armor-pharma.com\/fr\/wp-json\/wp\/v2\/comments?post=5843"}],"version-history":[{"count":2,"href":"https:\/\/www.armor-pharma.com\/fr\/wp-json\/wp\/v2\/pages\/5843\/revisions"}],"predecessor-version":[{"id":6713,"href":"https:\/\/www.armor-pharma.com\/fr\/wp-json\/wp\/v2\/pages\/5843\/revisions\/6713"}],"wp:attachment":[{"href":"https:\/\/www.armor-pharma.com\/fr\/wp-json\/wp\/v2\/media?parent=5843"}],"curies":[{"name":"wp","href":"https:\/\/api.w.org\/{rel}","templated":true}]}}