{"id":6145,"date":"2025-04-22T12:20:39","date_gmt":"2025-04-22T10:20:39","guid":{"rendered":"https:\/\/www.armor-pharma.com\/espace-qualite-et-reglementation\/"},"modified":"2025-05-14T16:29:16","modified_gmt":"2025-05-14T14:29:16","slug":"espace-qualite-et-reglementation","status":"publish","type":"page","link":"https:\/\/www.armor-pharma.com\/fr\/espace-qualite-et-reglementation\/","title":{"rendered":"Espace qualit\u00e9 et r\u00e9glementation"},"content":{"rendered":"<p class=\"p1\">L&rsquo;objectif principal d&rsquo;ARMOR PHARMA\u2122 est d&rsquo;assurer la qualit\u00e9, la durabilit\u00e9 et la s\u00e9curit\u00e9 afin de se conformer aux exigences r\u00e9glementaires les plus strictes. Nos d\u00e9partements Qualit\u00e9 et Affaires R\u00e9glementaires travaillent en \u00e9troite collaboration pour rester inform\u00e9s de toutes les \u00e9volutions r\u00e9glementaires.<\/p>\n<p class=\"p1\"><span class=\"s1\">Cet espace qualit\u00e9 et r\u00e9glementation a pour but de :<\/span><\/p>\n<p class=\"p1\"><span class=\"s1\"> &#8211; faciliter votre acc\u00e8s aux derni\u00e8res versions de nos documents qualit\u00e9<\/span><\/p>\n<p class=\"p1\"><span class=\"s1\">&#8211; vous fournir toutes les informations n\u00e9cessaires \u00e0 la r\u00e9alisation de votre \u00e9valuation des risques produits,<\/span><\/p>\n<p>&nbsp;<\/p>\n<p class=\"p1\"><span class=\"s1\"><i>Note : Les documents r\u00e9glementaires et qualit\u00e9 sont accessibles aux utilisateurs enregistr\u00e9s uniquement.<\/i><\/span><\/p>\n","protected":false},"excerpt":{"rendered":"<p>L&rsquo;objectif principal d&rsquo;ARMOR PHARMA\u2122 est d&rsquo;assurer la qualit\u00e9, la durabilit\u00e9 et la s\u00e9curit\u00e9 afin de se conformer aux exigences r\u00e9glementaires les plus strictes. Nos d\u00e9partements Qualit\u00e9 et Affaires R\u00e9glementaires travaillent en \u00e9troite collaboration pour rester inform\u00e9s de toutes les \u00e9volutions r\u00e9glementaires. Cet espace qualit\u00e9 et r\u00e9glementation a pour but de : &#8211; faciliter votre acc\u00e8s aux derni\u00e8res versions de nos<\/p>\n","protected":false},"author":812,"featured_media":0,"parent":0,"menu_order":0,"comment_status":"closed","ping_status":"closed","template":"template-quality-documentation.php","meta":{"_acf_changed":false,"footnotes":""},"class_list":["post-6145","page","type-page","status-publish","hentry"],"acf":[],"yoast_head":"<!-- This site is optimized with the Yoast SEO plugin v27.2 - https:\/\/yoast.com\/product\/yoast-seo-wordpress\/ -->\n<title>Espace qualit\u00e9 et r\u00e9glementation - Armor Pharma<\/title>\n<meta name=\"description\" content=\"Pour les visiteurs concern\u00e9s, t\u00e9l\u00e9chargez les documents qualit\u00e9 et la r\u00e9glementation, que ce soit les fiches techniques ou les attestations\" \/>\n<meta name=\"robots\" content=\"index, follow, max-snippet:-1, max-image-preview:large, max-video-preview:-1\" \/>\n<link rel=\"canonical\" href=\"https:\/\/www.armor-pharma.com\/fr\/espace-qualite-et-reglementation\/\" \/>\n<meta property=\"og:locale\" content=\"fr_FR\" \/>\n<meta property=\"og:type\" content=\"article\" \/>\n<meta property=\"og:title\" content=\"Espace qualit\u00e9 et r\u00e9glementation - Armor Pharma\" \/>\n<meta property=\"og:description\" content=\"Pour les visiteurs concern\u00e9s, t\u00e9l\u00e9chargez les documents qualit\u00e9 et la r\u00e9glementation, que ce soit les fiches techniques ou les attestations\" \/>\n<meta property=\"og:url\" content=\"https:\/\/www.armor-pharma.com\/fr\/espace-qualite-et-reglementation\/\" \/>\n<meta property=\"og:site_name\" content=\"Armor Pharma\" \/>\n<meta property=\"article:modified_time\" content=\"2025-05-14T14:29:16+00:00\" \/>\n<meta name=\"twitter:card\" content=\"summary_large_image\" \/>\n<meta name=\"twitter:label1\" content=\"Dur\u00e9e de lecture estim\u00e9e\" \/>\n\t<meta name=\"twitter:data1\" content=\"1 minute\" \/>\n<script type=\"application\/ld+json\" class=\"yoast-schema-graph\">{\"@context\":\"https:\/\/schema.org\",\"@graph\":[{\"@type\":\"WebPage\",\"@id\":\"https:\/\/www.armor-pharma.com\/fr\/espace-qualite-et-reglementation\/\",\"url\":\"https:\/\/www.armor-pharma.com\/fr\/espace-qualite-et-reglementation\/\",\"name\":\"Espace qualit\u00e9 et r\u00e9glementation - Armor Pharma\",\"isPartOf\":{\"@id\":\"https:\/\/www.armor-pharma.com\/fr\/#website\"},\"datePublished\":\"2025-04-22T10:20:39+00:00\",\"dateModified\":\"2025-05-14T14:29:16+00:00\",\"description\":\"Pour les visiteurs concern\u00e9s, t\u00e9l\u00e9chargez les documents qualit\u00e9 et la r\u00e9glementation, que ce soit les fiches techniques ou les attestations\",\"breadcrumb\":{\"@id\":\"https:\/\/www.armor-pharma.com\/fr\/espace-qualite-et-reglementation\/#breadcrumb\"},\"inLanguage\":\"fr-FR\",\"potentialAction\":[{\"@type\":\"ReadAction\",\"target\":[\"https:\/\/www.armor-pharma.com\/fr\/espace-qualite-et-reglementation\/\"]}]},{\"@type\":\"BreadcrumbList\",\"@id\":\"https:\/\/www.armor-pharma.com\/fr\/espace-qualite-et-reglementation\/#breadcrumb\",\"itemListElement\":[{\"@type\":\"ListItem\",\"position\":1,\"name\":\"Home\",\"item\":\"https:\/\/www.armor-pharma.com\/fr\/\"},{\"@type\":\"ListItem\",\"position\":2,\"name\":\"Espace qualit\u00e9 et r\u00e9glementation\"}]},{\"@type\":\"WebSite\",\"@id\":\"https:\/\/www.armor-pharma.com\/fr\/#website\",\"url\":\"https:\/\/www.armor-pharma.com\/fr\/\",\"name\":\"Armor Pharma\",\"description\":\"\",\"publisher\":{\"@id\":\"https:\/\/www.armor-pharma.com\/fr\/#organization\"},\"potentialAction\":[{\"@type\":\"SearchAction\",\"target\":{\"@type\":\"EntryPoint\",\"urlTemplate\":\"https:\/\/www.armor-pharma.com\/fr\/?s={search_term_string}\"},\"query-input\":{\"@type\":\"PropertyValueSpecification\",\"valueRequired\":true,\"valueName\":\"search_term_string\"}}],\"inLanguage\":\"fr-FR\"},{\"@type\":\"Organization\",\"@id\":\"https:\/\/www.armor-pharma.com\/fr\/#organization\",\"name\":\"Armor Pharma\",\"url\":\"https:\/\/www.armor-pharma.com\/fr\/\",\"logo\":{\"@type\":\"ImageObject\",\"inLanguage\":\"fr-FR\",\"@id\":\"https:\/\/www.armor-pharma.com\/fr\/#\/schema\/logo\/image\/\",\"url\":\"https:\/\/www.armor-pharma.com\/wp-content\/uploads\/cropped-logo.png\",\"contentUrl\":\"https:\/\/www.armor-pharma.com\/wp-content\/uploads\/cropped-logo.png\",\"width\":150,\"height\":66,\"caption\":\"Armor Pharma\"},\"image\":{\"@id\":\"https:\/\/www.armor-pharma.com\/fr\/#\/schema\/logo\/image\/\"}}]}<\/script>\n<!-- \/ Yoast SEO plugin. -->","yoast_head_json":{"title":"Espace qualit\u00e9 et r\u00e9glementation - Armor Pharma","description":"Pour les visiteurs concern\u00e9s, t\u00e9l\u00e9chargez les documents qualit\u00e9 et la r\u00e9glementation, que ce soit les fiches techniques ou les attestations","robots":{"index":"index","follow":"follow","max-snippet":"max-snippet:-1","max-image-preview":"max-image-preview:large","max-video-preview":"max-video-preview:-1"},"canonical":"https:\/\/www.armor-pharma.com\/fr\/espace-qualite-et-reglementation\/","og_locale":"fr_FR","og_type":"article","og_title":"Espace qualit\u00e9 et r\u00e9glementation - Armor Pharma","og_description":"Pour les visiteurs concern\u00e9s, t\u00e9l\u00e9chargez les documents qualit\u00e9 et la r\u00e9glementation, que ce soit les fiches techniques ou les attestations","og_url":"https:\/\/www.armor-pharma.com\/fr\/espace-qualite-et-reglementation\/","og_site_name":"Armor Pharma","article_modified_time":"2025-05-14T14:29:16+00:00","twitter_card":"summary_large_image","twitter_misc":{"Dur\u00e9e de lecture estim\u00e9e":"1 minute"},"schema":{"@context":"https:\/\/schema.org","@graph":[{"@type":"WebPage","@id":"https:\/\/www.armor-pharma.com\/fr\/espace-qualite-et-reglementation\/","url":"https:\/\/www.armor-pharma.com\/fr\/espace-qualite-et-reglementation\/","name":"Espace qualit\u00e9 et r\u00e9glementation - Armor Pharma","isPartOf":{"@id":"https:\/\/www.armor-pharma.com\/fr\/#website"},"datePublished":"2025-04-22T10:20:39+00:00","dateModified":"2025-05-14T14:29:16+00:00","description":"Pour les visiteurs concern\u00e9s, t\u00e9l\u00e9chargez les documents qualit\u00e9 et la r\u00e9glementation, que ce soit les fiches techniques ou les attestations","breadcrumb":{"@id":"https:\/\/www.armor-pharma.com\/fr\/espace-qualite-et-reglementation\/#breadcrumb"},"inLanguage":"fr-FR","potentialAction":[{"@type":"ReadAction","target":["https:\/\/www.armor-pharma.com\/fr\/espace-qualite-et-reglementation\/"]}]},{"@type":"BreadcrumbList","@id":"https:\/\/www.armor-pharma.com\/fr\/espace-qualite-et-reglementation\/#breadcrumb","itemListElement":[{"@type":"ListItem","position":1,"name":"Home","item":"https:\/\/www.armor-pharma.com\/fr\/"},{"@type":"ListItem","position":2,"name":"Espace qualit\u00e9 et r\u00e9glementation"}]},{"@type":"WebSite","@id":"https:\/\/www.armor-pharma.com\/fr\/#website","url":"https:\/\/www.armor-pharma.com\/fr\/","name":"Armor Pharma","description":"","publisher":{"@id":"https:\/\/www.armor-pharma.com\/fr\/#organization"},"potentialAction":[{"@type":"SearchAction","target":{"@type":"EntryPoint","urlTemplate":"https:\/\/www.armor-pharma.com\/fr\/?s={search_term_string}"},"query-input":{"@type":"PropertyValueSpecification","valueRequired":true,"valueName":"search_term_string"}}],"inLanguage":"fr-FR"},{"@type":"Organization","@id":"https:\/\/www.armor-pharma.com\/fr\/#organization","name":"Armor Pharma","url":"https:\/\/www.armor-pharma.com\/fr\/","logo":{"@type":"ImageObject","inLanguage":"fr-FR","@id":"https:\/\/www.armor-pharma.com\/fr\/#\/schema\/logo\/image\/","url":"https:\/\/www.armor-pharma.com\/wp-content\/uploads\/cropped-logo.png","contentUrl":"https:\/\/www.armor-pharma.com\/wp-content\/uploads\/cropped-logo.png","width":150,"height":66,"caption":"Armor Pharma"},"image":{"@id":"https:\/\/www.armor-pharma.com\/fr\/#\/schema\/logo\/image\/"}}]}},"_links":{"self":[{"href":"https:\/\/www.armor-pharma.com\/fr\/wp-json\/wp\/v2\/pages\/6145","targetHints":{"allow":["GET"]}}],"collection":[{"href":"https:\/\/www.armor-pharma.com\/fr\/wp-json\/wp\/v2\/pages"}],"about":[{"href":"https:\/\/www.armor-pharma.com\/fr\/wp-json\/wp\/v2\/types\/page"}],"author":[{"embeddable":true,"href":"https:\/\/www.armor-pharma.com\/fr\/wp-json\/wp\/v2\/users\/812"}],"replies":[{"embeddable":true,"href":"https:\/\/www.armor-pharma.com\/fr\/wp-json\/wp\/v2\/comments?post=6145"}],"version-history":[{"count":2,"href":"https:\/\/www.armor-pharma.com\/fr\/wp-json\/wp\/v2\/pages\/6145\/revisions"}],"predecessor-version":[{"id":7447,"href":"https:\/\/www.armor-pharma.com\/fr\/wp-json\/wp\/v2\/pages\/6145\/revisions\/7447"}],"wp:attachment":[{"href":"https:\/\/www.armor-pharma.com\/fr\/wp-json\/wp\/v2\/media?parent=6145"}],"curies":[{"name":"wp","href":"https:\/\/api.w.org\/{rel}","templated":true}]}}