{"id":6878,"date":"2025-07-16T17:17:16","date_gmt":"2025-07-16T15:17:16","guid":{"rendered":"https:\/\/www.armor-pharma.com\/?page_id=6878"},"modified":"2025-10-29T16:16:17","modified_gmt":"2025-10-29T15:16:17","slug":"politique-de-cookies","status":"publish","type":"page","link":"https:\/\/www.armor-pharma.com\/fr\/politique-de-cookies\/","title":{"rendered":"Politique de cookies"},"content":{"rendered":"<h1>1.\u00a0\u00a0 \u00a0Definitions<\/h1>\n<p>Les cookies sont des informations plac\u00e9es dans l&rsquo;appareil de l&rsquo;utilisateur par le serveur du site web visit\u00e9. Ils sont utilis\u00e9s par le site web pour envoyer des informations (telles qu&rsquo;un identifiant de session ou le choix d&rsquo;une langue) au navigateur internet de l&rsquo;utilisateur, que le navigateur peut ensuite transmettre au site web d&rsquo;origine.<\/p>\n<p>Seul l&rsquo;\u00e9metteur d&rsquo;un cookie peut lire ou modifier les informations contenues dans le cookie.<\/p>\n<p>Il existe diff\u00e9rents types de cookies :<br \/>\n&#8211; Les cookies de session qui disparaissent d\u00e8s que vous quittez le site web ;<br \/>\n&#8211; Les cookies permanents qui restent sur votre appareil jusqu&rsquo;\u00e0 la fin de leur dur\u00e9e de vie ou jusqu&rsquo;\u00e0 ce que vous les supprimiez en utilisant les fonctionnalit\u00e9s de votre navigateur.<\/p>\n<p>Vous \u00eates inform\u00e9 que lorsque vous visitez un site web, des cookies peuvent \u00eatre install\u00e9s sur votre terminal.<\/p>\n<h1>2. Les finalit\u00e9s des cookies utilis\u00e9s<\/h1>\n<p>Certains cookies utilis\u00e9s par l&rsquo;Editeur ont pour finalit\u00e9 exclusive de permettre ou de faciliter la communication \u00e9lectronique (en d\u00e9tectant les erreurs de connexion, en identifiant les points de connexion, etc.)<\/p>\n<p>D&rsquo;autres cookies sont strictement n\u00e9cessaires \u00e0 la fourniture de services de communication en ligne (tels que le panier d&rsquo;achat, les pr\u00e9f\u00e9rences d&rsquo;affichage de l&rsquo;\u00e9cran, etc.)<\/p>\n<p>D&rsquo;autres cookies peuvent \u00e9galement \u00eatre con\u00e7us pour :<br \/>\n&#8211; Analyser la fr\u00e9quentation et l&rsquo;utilisation du site afin d&rsquo;am\u00e9liorer votre future exp\u00e9rience de navigation ;<br \/>\n&#8211; rendre le site plus convivial et interactif.<\/p>\n<p>&nbsp;<\/p>\n<h1>3. Quels sont les cookies que nous utilisons ?<\/h1>\n<h2>Liste des cookies<\/h2>\n<p>Un cookie est un petit \u00e9l\u00e9ment de donn\u00e9es (fichier texte) qu&rsquo;un site web &#8211; lorsqu&rsquo;il est visit\u00e9 par un utilisateur &#8211; demande \u00e0 votre navigateur de stocker sur votre appareil afin de se souvenir d&rsquo;informations vous concernant, telles que vos pr\u00e9f\u00e9rences linguistiques ou vos informations de connexion. Ces cookies sont mis en place par nous et sont appel\u00e9s cookies de premi\u00e8re partie. Nous utilisons \u00e9galement des cookies tiers &#8211; qui sont des cookies provenant d&rsquo;un domaine diff\u00e9rent de celui du site web que vous visitez &#8211; pour nos efforts de publicit\u00e9 et de marketing. Plus pr\u00e9cis\u00e9ment, nous utilisons des cookies et d&rsquo;autres technologies de suivi aux fins suivantes :<\/p>\n<h2>Cookies strictement n\u00e9cessaires<\/h2>\n<p>Ces cookies sont essentiels au bon fonctionnement du site web et ne peuvent \u00eatre d\u00e9sactiv\u00e9s de nos syst\u00e8mes. Ils ne sont g\u00e9n\u00e9ralement activ\u00e9s qu&rsquo;en r\u00e9ponse aux actions que vous entreprenez et qui correspondent \u00e0 une demande de services, comme le r\u00e9glage de vos pr\u00e9f\u00e9rences en mati\u00e8re de confidentialit\u00e9, l&rsquo;ouverture d&rsquo;une session ou le remplissage de formulaires. Vous pouvez configurer votre navigateur pour qu&rsquo;il bloque l&rsquo;utilisation de ces cookies ou qu&rsquo;il vous en avertisse. Toutefois, si cette cat\u00e9gorie de cookies &#8211; qui ne stocke aucune donn\u00e9e personnelle &#8211; est bloqu\u00e9e, certaines parties du site peuvent ne pas fonctionner.<\/p>\n<h2>Cookies de performance, d&rsquo;analyse et de trafic<\/h2>\n<p>Ces cookies nous permettent de d\u00e9terminer le nombre de visites et les sources de trafic sur notre site web, afin de mesurer et d&rsquo;am\u00e9liorer ses performances. Ils nous aident \u00e9galement \u00e0 identifier les pages les plus et les moins visit\u00e9es et \u00e0 \u00e9valuer la fa\u00e7on dont les visiteurs naviguent sur le site. Toutes les informations collect\u00e9es par ces cookies sont agr\u00e9g\u00e9es et donc anonymes. Si vous n&rsquo;acceptez pas cette cat\u00e9gorie de cookies, nous ne pourrons pas savoir quand vous avez visit\u00e9 notre site web.<\/p>\n<h2>Cookies de fonctionnalit\u00e9<\/h2>\n<p>Ces cookies sont utilis\u00e9s pour am\u00e9liorer la fonctionnalit\u00e9 et la personnalisation de notre site, comme l&rsquo;utilisation de la vid\u00e9o et des services de messagerie instantan\u00e9e. Ils peuvent \u00eatre activ\u00e9s par nous-m\u00eames ou par des tiers dont les services sont utilis\u00e9s sur les pages de notre site web. Si vous n&rsquo;acceptez pas cette cat\u00e9gorie de cookies, certaines ou toutes ces fonctionnalit\u00e9s peuvent ne pas fonctionner correctement.<\/p>\n<h2>Cookies pour la publicit\u00e9 cibl\u00e9e<\/h2>\n<p>Ces cookies peuvent \u00eatre activ\u00e9s sur notre site web par nos partenaires publicitaires. Ils peuvent \u00eatre utilis\u00e9s par ces soci\u00e9t\u00e9s pour \u00e9tablir un profil de vos int\u00e9r\u00eats et vous proposer des publicit\u00e9s cibl\u00e9es sur d&rsquo;autres sites. Ils fonctionnent uniquement en identifiant votre navigateur et votre appareil. Si vous n&rsquo;acceptez pas ce type de cookies, vous recevrez des publicit\u00e9s moins cibl\u00e9es sur vos centres d&rsquo;int\u00e9r\u00eat lorsque vous naviguerez sur d&rsquo;autres sites web.<\/p>\n<h2>Cookies de partage de r\u00e9seaux sociaux<\/h2>\n<p>Le site internet d&rsquo;Armor Pharma int\u00e8gre des boutons d&rsquo;application (plug in) qui permettent de partager certains contenus du site avec des tiers via les r\u00e9seaux sociaux (ex : LinkedIn).<\/p>\n<p>Les cookies permettent de partager le contenu de ce site \u00e0 l&rsquo;aide des boutons de partage. L&rsquo;activation de cette fonctionnalit\u00e9 sur le site d\u00e9clenche le d\u00e9p\u00f4t de cookies.<\/p>\n<p>Le r\u00e9seau social fournissant un tel bouton d&rsquo;application est susceptible de vous identifier gr\u00e2ce \u00e0 ce bouton, m\u00eame si vous n&rsquo;avez pas utilis\u00e9 ce bouton lors de votre visite sur notre site. En effet, ce type de bouton applicatif peut permettre au r\u00e9seau social concern\u00e9 de suivre votre navigation sur notre site, du seul fait que votre compte aupr\u00e8s du r\u00e9seau social concern\u00e9 \u00e9tait activ\u00e9 sur votre terminal (session ouverte) lors de votre navigation sur notre site.<\/p>\n<p>Nous n&rsquo;avons aucun contr\u00f4le sur le processus utilis\u00e9 par les r\u00e9seaux sociaux pour collecter des informations relatives \u00e0 votre navigation sur notre Site et associ\u00e9es aux donn\u00e9es personnelles qu&rsquo;ils d\u00e9tiennent. Nous vous invitons \u00e0 consulter les politiques de protection de la vie priv\u00e9e de ces r\u00e9seaux sociaux afin de prendre connaissance des finalit\u00e9s d&rsquo;utilisation, notamment publicitaires, des informations de navigation qu&rsquo;ils peuvent recueillir gr\u00e2ce \u00e0 ces boutons applicatifs. Ces politiques de protection doivent vous permettre d&rsquo;exercer vos choix aupr\u00e8s de ces r\u00e9seaux sociaux, notamment en param\u00e9trant vos comptes sur chacun de ces r\u00e9seaux :<\/p>\n<p>&#8211; LinkedIn : <a href=\"https:\/\/www.linkedin.com\/legal\/cookie-policy\">https:\/\/www.linkedin.com\/legal\/cookie-policy<\/a><\/p>\n<p>sur ce site :<\/p>\n<p>&#8211; Cookies Linkedin (conservation : 6 mois)<\/p>\n<p>&#8211; Cookies Google Analytics (conservation : 6 mois)<\/p>\n<p>&nbsp;<\/p>\n<h1>4. Consentement<\/h1>\n<p>Lors de votre premi\u00e8re visite sur notre site, nous vous proposons d&rsquo;accepter ou de refuser l&rsquo;utilisation de certains cookies.<\/p>\n<p>Si vous ne souhaitez pas que des cookies soient d\u00e9pos\u00e9s ou lus sur votre appareil, un cookie de refus sera d\u00e9pos\u00e9 pour permettre \u00e0 l&rsquo;Editeur d&rsquo;enregistrer votre refus. Si vous supprimez le cookie de refus, il ne sera plus possible de vous identifier comme ayant refus\u00e9.<\/p>\n<p>Si vous acceptez l&rsquo;utilisation de cookies, un cookie de consentement est install\u00e9 de la m\u00eame mani\u00e8re.<\/p>\n<p>Tant le cookie de consentement que le cookie de refus doivent rester sur votre appareil, mais vous pouvez \u00e0 tout moment modifier vos souhaits conform\u00e9ment \u00e0 la section suivante sur la gestion des cookies.<\/p>\n<h1>5. Gestion des cookies<\/h1>\n<p>Vous disposez de plusieurs options pour supprimer et g\u00e9rer les cookies et autres traceurs.<\/p>\n<h2>5.1 Param\u00e8tres du navigateur<\/h2>\n<p>Bien que la plupart des navigateurs soient configur\u00e9s par d\u00e9faut pour accepter l&rsquo;installation de cookies, vous pouvez, si vous le souhaitez, choisir d&rsquo;accepter tous les cookies, de les rejeter syst\u00e9matiquement ou de s\u00e9lectionner certains cookies en fonction de leur \u00e9metteur. Vous pouvez \u00e9galement supprimer r\u00e9guli\u00e8rement les cookies de votre appareil via votre navigateur.<\/p>\n<p>N&rsquo;oubliez cependant pas de configurer tous les navigateurs de vos diff\u00e9rents appareils (tablettes, smartphones, ordinateurs, etc.).<\/p>\n<p>La configuration des cookies et autres choix varie d&rsquo;un navigateur \u00e0 l&rsquo;autre, mais est toujours d\u00e9crite dans le menu d&rsquo;aide de votre navigateur. Par exemple :<br \/>\n&#8211; Pour Internet Explorer\u2122 : <a href=\"http:\/\/windows.microsoft.com\/fr-FR\/windows-vista\/Block-or-allow-cookies\">http:\/\/windows.microsoft.com\/fr-FR\/windows-vista\/Block-or-allow-cookies<\/a> ;<br \/>\n&#8211; Pour Safari\u2122 : <a href=\"https:\/\/support.apple.com\/fr-fr\/safari\">https:\/\/support.apple.com\/fr-fr\/safari<\/a> ;<br \/>\n&#8211; Pour Chrome\u2122 : <a href=\"http:\/\/support.google.com\/chrome\/bin\/answer.py?hl=fr&amp;hlrm=en&amp;answer=95647\">http:\/\/support.google.com\/chrome\/bin\/answer.py?hl=fr&amp;hlrm=en&amp;answer=95647<\/a> ;<br \/>\n&#8211; Pour Firefox\u2122 : <a href=\"http:\/\/support.mozilla.org\/fr\/kb\/Activer%20et%20d%C3%A9sactiver%20les%20cookies\">http:\/\/support.mozilla.org\/fr\/kb\/Activer%20et%20d%C3%A9sactiver%20les%20cookies<\/a> ;<br \/>\n&#8211; Pour Opera\u2122 : <a href=\"http:\/\/help.opera.com\/Windows\/10.20\/fr\/cookies.html\">http:\/\/help.opera.com\/Windows\/10.20\/fr\/cookies.html<\/a><\/p>\n<p>Toutefois, nous attirons votre attention sur le fait qu&rsquo;en configurant votre navigateur pour refuser les cookies, certaines fonctionnalit\u00e9s, pages et espaces du site ne vous seront pas accessibles, ce dont nous ne saurions \u00eatre responsables.<\/p>\n<h2>5.2 Plates-formes d&rsquo;opposition<\/h2>\n<p>Plusieurs plateformes publicitaires vous offrent \u00e9galement la possibilit\u00e9 de refuser ou d&rsquo;accepter les cookies utilis\u00e9s par les entreprises utilisatrices des plateformes, via des m\u00e9canismes qui n&#8217;emp\u00eachent pas l&rsquo;affichage de la publicit\u00e9 mais qui emp\u00eachent l&rsquo;installation de cookies de mani\u00e8re \u00e0 adapter la publicit\u00e9 des plateformes \u00e0 vos centres d&rsquo;int\u00e9r\u00eat.<\/p>\n<p>Vous pouvez, par exemple, utiliser <a href=\"http:\/\/www.youronlinechoices.com\">www.youronlinechoices.com<\/a> pour interdire l&rsquo;installation de ces cookies sur votre appareil. Le site est propos\u00e9 par les professionnels de la publicit\u00e9 num\u00e9rique de l&rsquo;association europ\u00e9enne EDAA (European Digital Advertising Alliance) et est g\u00e9r\u00e9 en France par l&rsquo;Interactive Advertising Bureau France.<\/p>\n<p>Vous pouvez ainsi identifier les entreprises inscrites sur la plateforme qui vous offrent la possibilit\u00e9 de refuser ou d&rsquo;accepter leurs cookies pour adapter leur publicit\u00e9 aux donn\u00e9es de votre navigateur : <a href=\"http:\/\/www.youronlinechoices.com\/fr\/controler-ses-cookies\/\">http:\/\/www.youronlinechoices.com\/fr\/controler-ses-cookies\/<\/a>. Cette plateforme europ\u00e9enne est partag\u00e9e par des centaines de professionnels de la publicit\u00e9 sur internet.<\/p>\n<h2>5.3 Module de gestion des cookies<\/h2>\n<p>Enfin, un module vous permet de choisir les cookies de sites web que vous souhaitez accepter et ceux que vous souhaitez refuser.<\/p>\n<p>A tout moment, en cliquant sur le bouton ci-dessous, vous pourrez acc\u00e9der au module et modifier vos pr\u00e9f\u00e9rences : Param\u00e8tres des cookies<\/p>\n<h1>6. Protection des donn\u00e9es personnelles<\/h1>\n<p>Dans le cadre de l&rsquo;utilisation des cookies telle que d\u00e9crite dans le pr\u00e9sent document, l&rsquo;Editeur en tant que responsable de traitement est amen\u00e9 \u00e0 traiter certaines de vos donn\u00e9es personnelles.<\/p>\n<p>Les donn\u00e9es collect\u00e9es sont indispensables \u00e0 la r\u00e9alisation des finalit\u00e9s de chaque cookie et sont uniquement destin\u00e9es aux employ\u00e9s habilit\u00e9s de l&rsquo;Editeur et\/ou de la soci\u00e9t\u00e9 \u00e9mettrice des cookies tiers.<\/p>\n<p>Vos donn\u00e9es personnelles peuvent \u00eatre transf\u00e9r\u00e9es \u00e0 un sous-traitant aux USA via les r\u00e9seaux sociaux ou les cookies de Google Analytics. Google Analytics obtiendra les cat\u00e9gories de donn\u00e9es suivantes : pages visit\u00e9es, adresses IP, certaines donn\u00e9es sur votre appareil.<\/p>\n<p>Les sous-traitants concern\u00e9s ont souscrit au Privacy Shield UE-\u00c9tats-Unis et assurent une protection ad\u00e9quate des donn\u00e9es personnelles (cf. d\u00e9cision UE 2016\/1250 du 12-7-2016).<\/p>\n<p>Les donn\u00e9es personnelles collect\u00e9es via les cookies ne sont jamais conserv\u00e9es plus longtemps que n\u00e9cessaire pour la finalit\u00e9 des cookies et en tout \u00e9tat de cause, jamais plus de 13 mois.<\/p>\n<p>Conform\u00e9ment aux dispositions du R\u00e8glement G\u00e9n\u00e9ral sur la Protection des Donn\u00e9es, les personnes disposent \u00e0 l&rsquo;\u00e9gard de leurs donn\u00e9es personnelles des droits d&rsquo;interrogation, d&rsquo;acc\u00e8s, de rectification, d&rsquo;effacement, d&rsquo;opposition pour motif l\u00e9gitime et de portabilit\u00e9.<\/p>\n<p>Lorsque le traitement est fond\u00e9 sur le consentement de la personne concern\u00e9e, vous avez le droit de retirer votre consentement \u00e0 tout moment.<\/p>\n<p>Apr\u00e8s le d\u00e9c\u00e8s d&rsquo;une personne, ses donn\u00e9es personnelles sont conserv\u00e9es pour la dur\u00e9e n\u00e9cessaire au respect des obligations l\u00e9gales et r\u00e9glementaires de l&rsquo;\u00c9diteur, puis les donn\u00e9es sont effac\u00e9es sauf si la personne a demand\u00e9 leur communication \u00e0 un tiers de son choix comme le pr\u00e9voit l&rsquo;article 40-1, II de la loi n\u00b078-17 du 6 janvier 1978 relative \u00e0 l&rsquo;informatique, aux fichiers et aux libert\u00e9s, telle que modifi\u00e9e en 2018.<\/p>\n<p>Vos droits peuvent \u00eatre exerc\u00e9s \u00e0 tout moment aupr\u00e8s du responsable de la protection des donn\u00e9es que vous pouvez contacter par email \u00e0 l&rsquo;adresse suivante : <a href=\"mailto:mesdonneespersonnelles@armor-dairy.com\">mesdonneespersonnelles@armor-dairy.com<\/a>, ou par courrier \u00e0 l&rsquo;adresse suivante : Armor Prot\u00e9ines, 19 bis rue de la Lib\u00e9ration, Saint-Brice-en-Cogl\u00e8s, 35460 MAEN ROCH &#8211; France.<\/p>\n<p>1. Vous avez le droit d&rsquo;introduire une r\u00e9clamation aupr\u00e8s de la Commission Nationale de l&rsquo;Informatique et des Libert\u00e9s (CNIL), autorit\u00e9 de contr\u00f4le comp\u00e9tente.<\/p>\n<p>2. Pour plus d&rsquo;informations, veuillez consulter notre <a href=\"https:\/\/www.armor-pharma.com\/fr\/politique-de-confidentialite\/\">politique de confidentialit\u00e9<\/a><\/p>\n<p>&nbsp;<\/p>\n","protected":false},"excerpt":{"rendered":"<p>1.\u00a0\u00a0 \u00a0Definitions Les cookies sont des informations plac\u00e9es dans l&rsquo;appareil de l&rsquo;utilisateur par le serveur du site web visit\u00e9. Ils sont utilis\u00e9s par le site web pour envoyer des informations (telles qu&rsquo;un identifiant de session ou le choix d&rsquo;une langue) au navigateur internet de l&rsquo;utilisateur, que le navigateur peut ensuite transmettre au site web d&rsquo;origine. Seul l&rsquo;\u00e9metteur d&rsquo;un cookie peut<\/p>\n","protected":false},"author":1627,"featured_media":0,"parent":0,"menu_order":0,"comment_status":"closed","ping_status":"closed","template":"","meta":{"_acf_changed":false,"footnotes":""},"class_list":["post-6878","page","type-page","status-publish","hentry"],"acf":[],"yoast_head":"<!-- This site is optimized with the Yoast SEO plugin v27.2 - https:\/\/yoast.com\/product\/yoast-seo-wordpress\/ -->\n<title>Politique de cookies - Armor Pharma<\/title>\n<meta name=\"robots\" content=\"index, follow, max-snippet:-1, max-image-preview:large, max-video-preview:-1\" \/>\n<link rel=\"canonical\" href=\"https:\/\/www.armor-pharma.com\/fr\/politique-de-cookies\/\" \/>\n<meta property=\"og:locale\" content=\"fr_FR\" \/>\n<meta property=\"og:type\" content=\"article\" \/>\n<meta property=\"og:title\" content=\"Politique de cookies - Armor Pharma\" \/>\n<meta property=\"og:description\" content=\"1.\u00a0\u00a0 \u00a0Definitions Les cookies sont des informations plac\u00e9es dans l&rsquo;appareil de l&rsquo;utilisateur par le serveur du site web visit\u00e9. Ils sont utilis\u00e9s par le site web pour envoyer des informations (telles qu&rsquo;un identifiant de session ou le choix d&rsquo;une langue) au navigateur internet de l&rsquo;utilisateur, que le navigateur peut ensuite transmettre au site web d&rsquo;origine. Seul l&rsquo;\u00e9metteur d&rsquo;un cookie peut\" \/>\n<meta property=\"og:url\" content=\"https:\/\/www.armor-pharma.com\/fr\/politique-de-cookies\/\" \/>\n<meta property=\"og:site_name\" content=\"Armor Pharma\" \/>\n<meta property=\"article:modified_time\" content=\"2025-10-29T15:16:17+00:00\" \/>\n<meta name=\"twitter:card\" content=\"summary_large_image\" \/>\n<meta name=\"twitter:label1\" content=\"Dur\u00e9e de lecture estim\u00e9e\" \/>\n\t<meta name=\"twitter:data1\" content=\"10 minutes\" \/>\n<script type=\"application\/ld+json\" class=\"yoast-schema-graph\">{\"@context\":\"https:\/\/schema.org\",\"@graph\":[{\"@type\":\"WebPage\",\"@id\":\"https:\/\/www.armor-pharma.com\/fr\/politique-de-cookies\/\",\"url\":\"https:\/\/www.armor-pharma.com\/fr\/politique-de-cookies\/\",\"name\":\"Politique de cookies - Armor Pharma\",\"isPartOf\":{\"@id\":\"https:\/\/www.armor-pharma.com\/fr\/#website\"},\"datePublished\":\"2025-07-16T15:17:16+00:00\",\"dateModified\":\"2025-10-29T15:16:17+00:00\",\"breadcrumb\":{\"@id\":\"https:\/\/www.armor-pharma.com\/fr\/politique-de-cookies\/#breadcrumb\"},\"inLanguage\":\"fr-FR\",\"potentialAction\":[{\"@type\":\"ReadAction\",\"target\":[\"https:\/\/www.armor-pharma.com\/fr\/politique-de-cookies\/\"]}]},{\"@type\":\"BreadcrumbList\",\"@id\":\"https:\/\/www.armor-pharma.com\/fr\/politique-de-cookies\/#breadcrumb\",\"itemListElement\":[{\"@type\":\"ListItem\",\"position\":1,\"name\":\"Home\",\"item\":\"https:\/\/www.armor-pharma.com\/fr\/\"},{\"@type\":\"ListItem\",\"position\":2,\"name\":\"Politique de cookies\"}]},{\"@type\":\"WebSite\",\"@id\":\"https:\/\/www.armor-pharma.com\/fr\/#website\",\"url\":\"https:\/\/www.armor-pharma.com\/fr\/\",\"name\":\"Armor Pharma\",\"description\":\"\",\"publisher\":{\"@id\":\"https:\/\/www.armor-pharma.com\/fr\/#organization\"},\"potentialAction\":[{\"@type\":\"SearchAction\",\"target\":{\"@type\":\"EntryPoint\",\"urlTemplate\":\"https:\/\/www.armor-pharma.com\/fr\/?s={search_term_string}\"},\"query-input\":{\"@type\":\"PropertyValueSpecification\",\"valueRequired\":true,\"valueName\":\"search_term_string\"}}],\"inLanguage\":\"fr-FR\"},{\"@type\":\"Organization\",\"@id\":\"https:\/\/www.armor-pharma.com\/fr\/#organization\",\"name\":\"Armor Pharma\",\"url\":\"https:\/\/www.armor-pharma.com\/fr\/\",\"logo\":{\"@type\":\"ImageObject\",\"inLanguage\":\"fr-FR\",\"@id\":\"https:\/\/www.armor-pharma.com\/fr\/#\/schema\/logo\/image\/\",\"url\":\"https:\/\/www.armor-pharma.com\/wp-content\/uploads\/cropped-logo.png\",\"contentUrl\":\"https:\/\/www.armor-pharma.com\/wp-content\/uploads\/cropped-logo.png\",\"width\":150,\"height\":66,\"caption\":\"Armor Pharma\"},\"image\":{\"@id\":\"https:\/\/www.armor-pharma.com\/fr\/#\/schema\/logo\/image\/\"}}]}<\/script>\n<!-- \/ Yoast SEO plugin. -->","yoast_head_json":{"title":"Politique de cookies - Armor Pharma","robots":{"index":"index","follow":"follow","max-snippet":"max-snippet:-1","max-image-preview":"max-image-preview:large","max-video-preview":"max-video-preview:-1"},"canonical":"https:\/\/www.armor-pharma.com\/fr\/politique-de-cookies\/","og_locale":"fr_FR","og_type":"article","og_title":"Politique de cookies - Armor Pharma","og_description":"1.\u00a0\u00a0 \u00a0Definitions Les cookies sont des informations plac\u00e9es dans l&rsquo;appareil de l&rsquo;utilisateur par le serveur du site web visit\u00e9. Ils sont utilis\u00e9s par le site web pour envoyer des informations (telles qu&rsquo;un identifiant de session ou le choix d&rsquo;une langue) au navigateur internet de l&rsquo;utilisateur, que le navigateur peut ensuite transmettre au site web d&rsquo;origine. Seul l&rsquo;\u00e9metteur d&rsquo;un cookie peut","og_url":"https:\/\/www.armor-pharma.com\/fr\/politique-de-cookies\/","og_site_name":"Armor Pharma","article_modified_time":"2025-10-29T15:16:17+00:00","twitter_card":"summary_large_image","twitter_misc":{"Dur\u00e9e de lecture estim\u00e9e":"10 minutes"},"schema":{"@context":"https:\/\/schema.org","@graph":[{"@type":"WebPage","@id":"https:\/\/www.armor-pharma.com\/fr\/politique-de-cookies\/","url":"https:\/\/www.armor-pharma.com\/fr\/politique-de-cookies\/","name":"Politique de cookies - Armor Pharma","isPartOf":{"@id":"https:\/\/www.armor-pharma.com\/fr\/#website"},"datePublished":"2025-07-16T15:17:16+00:00","dateModified":"2025-10-29T15:16:17+00:00","breadcrumb":{"@id":"https:\/\/www.armor-pharma.com\/fr\/politique-de-cookies\/#breadcrumb"},"inLanguage":"fr-FR","potentialAction":[{"@type":"ReadAction","target":["https:\/\/www.armor-pharma.com\/fr\/politique-de-cookies\/"]}]},{"@type":"BreadcrumbList","@id":"https:\/\/www.armor-pharma.com\/fr\/politique-de-cookies\/#breadcrumb","itemListElement":[{"@type":"ListItem","position":1,"name":"Home","item":"https:\/\/www.armor-pharma.com\/fr\/"},{"@type":"ListItem","position":2,"name":"Politique de cookies"}]},{"@type":"WebSite","@id":"https:\/\/www.armor-pharma.com\/fr\/#website","url":"https:\/\/www.armor-pharma.com\/fr\/","name":"Armor Pharma","description":"","publisher":{"@id":"https:\/\/www.armor-pharma.com\/fr\/#organization"},"potentialAction":[{"@type":"SearchAction","target":{"@type":"EntryPoint","urlTemplate":"https:\/\/www.armor-pharma.com\/fr\/?s={search_term_string}"},"query-input":{"@type":"PropertyValueSpecification","valueRequired":true,"valueName":"search_term_string"}}],"inLanguage":"fr-FR"},{"@type":"Organization","@id":"https:\/\/www.armor-pharma.com\/fr\/#organization","name":"Armor Pharma","url":"https:\/\/www.armor-pharma.com\/fr\/","logo":{"@type":"ImageObject","inLanguage":"fr-FR","@id":"https:\/\/www.armor-pharma.com\/fr\/#\/schema\/logo\/image\/","url":"https:\/\/www.armor-pharma.com\/wp-content\/uploads\/cropped-logo.png","contentUrl":"https:\/\/www.armor-pharma.com\/wp-content\/uploads\/cropped-logo.png","width":150,"height":66,"caption":"Armor Pharma"},"image":{"@id":"https:\/\/www.armor-pharma.com\/fr\/#\/schema\/logo\/image\/"}}]}},"_links":{"self":[{"href":"https:\/\/www.armor-pharma.com\/fr\/wp-json\/wp\/v2\/pages\/6878","targetHints":{"allow":["GET"]}}],"collection":[{"href":"https:\/\/www.armor-pharma.com\/fr\/wp-json\/wp\/v2\/pages"}],"about":[{"href":"https:\/\/www.armor-pharma.com\/fr\/wp-json\/wp\/v2\/types\/page"}],"author":[{"embeddable":true,"href":"https:\/\/www.armor-pharma.com\/fr\/wp-json\/wp\/v2\/users\/1627"}],"replies":[{"embeddable":true,"href":"https:\/\/www.armor-pharma.com\/fr\/wp-json\/wp\/v2\/comments?post=6878"}],"version-history":[{"count":4,"href":"https:\/\/www.armor-pharma.com\/fr\/wp-json\/wp\/v2\/pages\/6878\/revisions"}],"predecessor-version":[{"id":7117,"href":"https:\/\/www.armor-pharma.com\/fr\/wp-json\/wp\/v2\/pages\/6878\/revisions\/7117"}],"wp:attachment":[{"href":"https:\/\/www.armor-pharma.com\/fr\/wp-json\/wp\/v2\/media?parent=6878"}],"curies":[{"name":"wp","href":"https:\/\/api.w.org\/{rel}","templated":true}]}}